{"id":1605,"date":"2019-05-15T07:47:53","date_gmt":"2019-05-15T07:47:53","guid":{"rendered":"https:\/\/x-gps.app\/help\/tracker\/android\/settings\/"},"modified":"2019-05-22T10:01:15","modified_gmt":"2019-05-22T10:01:15","slug":"settings","status":"publish","type":"page","link":"https:\/\/x-gps.app\/es\/help\/tracker\/android\/settings\/","title":{"rendered":"Otros fabricantes: Configuraciones b\u00e1sicas"},"content":{"rendered":"<p>[vc_row][vc_column][vc_column_text el_class=&#8221;ancor-list&#8221;]<\/p>\n<ul>\n<li><a href=\"#access-to-location\">Memoria y Ubicaci\u00f3n<\/a><\/li>\n<li><a href=\"#run-in-background\">Ejecuci\u00f3n en segundo plano<\/a><\/li>\n<li><a href=\"#battery-optimization\">Ahorrador de bater\u00eda<\/a><\/li>\n<\/ul>\n<p>[\/vc_column_text][vc_column_text el_id=&#8221;access-to-location&#8221;]<\/p>\n<h2>Memoria y Ubicaci\u00f3n<\/h2>\n<p>[\/vc_column_text][vc_column_text]<\/p>\n<p>Los servicios de localizaci\u00f3n deben estar activados para que la app Rastreador X-GPS registre la ubicaci\u00f3n actual del empleado y la env\u00ede al servicio.<\/p>\n<p>Para que la aplicaci\u00f3n funcione correctamente sin conexi\u00f3n a Internet, debe permitirle acceder a la memoria del dispositivo.<\/p>\n<p>[\/vc_column_text][vc_tta_accordion c_icon=&#8221;chevron&#8221; active_section=&#8221;&#8221; collapsible_all=&#8221;true&#8221;][vc_tta_section title=&#8221;M\u00e1s informaci\u00f3n acerca de la operaci\u00f3n fuera de l\u00ednea&#8221; tab_id=&#8221;1549008445614-f19cd1b9-4790&#8243;][vc_column_text]<\/p>\n<p>Cuando el dispositivo se utiliza en un \u00e1rea sin conexi\u00f3n a Internet (por ejemplo, fuera de la ciudad o en itinerancia), la aplicaci\u00f3n Rastreador X-GPS sigue funcionando offline. Esto significa que todos los datos de los recorridos GPS, notas de tareas, fotos, etc. se almacenar\u00e1n en la memoria del dispositivo. Una vez restaurada la conexi\u00f3n a Internet, esta informaci\u00f3n se transmitir\u00e1 autom\u00e1ticamente al servidor.<\/p>\n<p>[\/vc_column_text][\/vc_tta_section][\/vc_tta_accordion][vc_column_text]<\/p>\n<p>Para habilitar el acceso:<\/p>\n<ol>\n<li>Seleccione <strong>Configuraciones<\/strong>.<\/li>\n<li>Haga clic en <strong>Aplicaciones<\/strong> o <strong>Administrador de aplicaciones<\/strong> (seg\u00fan su dispositivo).<\/li>\n<li>Seleccione la aplicaci\u00f3n <strong>Rastreador X-GPS<\/strong>.<\/li>\n<li>Haga clic en <strong>Permisos<\/strong>.<\/li>\n<li>Para otorgar permiso a la Ubicaci\u00f3n y Almacenamiento, mueva los interruptores a la derecha. El color cambiar\u00e1 a verde.<\/li>\n<\/ol>\n<p>[\/vc_column_text][vc_column_text el_id=&#8221;run-in-background&#8221;]<\/p>\n<h2>Ejecuci\u00f3n en segundo plano<\/h2>\n<p>[\/vc_column_text][vc_column_text]<\/p>\n<p>Para recibir actualizaciones de la ubicaci\u00f3n mientras la aplicaci\u00f3n Rastreador X-GPS est\u00e1 minimizada o la pantalla est\u00e1 bloqueada, es necesario activar la ejecuci\u00f3n en segundo plano.<\/p>\n<p>Para habilitar esta opci\u00f3n:<\/p>\n<ol>\n<li>Seleccione <strong>Configuraciones<\/strong>.<\/li>\n<li>Haga clic en <strong>Aplicaciones<\/strong> o <strong>Administrador de aplicaciones<\/strong> (seg\u00fan su dispositivo).<\/li>\n<li>Seleccione la aplicaci\u00f3n <strong>Rastreador X-GPS<\/strong>.<\/li>\n<li>Haga clic en el <strong>Uso de datos o Control de Tr\u00e1fico<\/strong>.<\/li>\n<li>Habilite la transferencia de datos en segundo plano. El interruptor cambiar\u00e1 a gris.<\/li>\n<\/ol>\n<p>[\/vc_column_text][vc_column_text el_id=&#8221;battery-optimization&#8221;]<\/p>\n<h2>Ahorrador de bater\u00eda<\/h2>\n<p>[\/vc_column_text][vc_column_text]<\/p>\n<p>En algunos dispositivos de Android, los ajustes de ahorro de bater\u00eda, dise\u00f1ados para prolongar la vida de la bater\u00eda, pueden afectar el rendimiento de su aplicaci\u00f3n: el sistema operativo cierra autom\u00e1ticamente la aplicaci\u00f3n X-GPS si el dispositivo no ha detectado ning\u00fan movimiento de los veh\u00edculos durante un largo periodo de tiempo. Para evitar el cierre, es necesario a\u00f1adirla a la lista de las aplicaciones no optimizadas.<\/p>\n<p>Para hacer esto:<\/p>\n<ol>\n<li>Abra la <strong>Configuraci\u00f3n <\/strong><\/li>\n<li>Presiona <strong>Bater\u00eda<\/strong> o <strong>Energ\u00eda<\/strong> (dependiendo del dispositivo).<\/li>\n<li>Abra la secci\u00f3n <strong>Ahorrador de bater\u00eda<\/strong>.<br \/>\n<em><strong>Nota:<\/strong> Tambi\u00e9n puede encontrarlo en la Configuraci\u00f3n avanzada haciendo clic en los tres puntos en la parte superior de la pantalla.<\/em><\/li>\n<li>Haga clic en <strong>Filtro<\/strong> y seleccione<strong> Todas las aplicaciones<\/strong>.<\/li>\n<li>Seleccione <strong>Rastreador X-GPS<\/strong> y habilite la opci\u00f3n <strong>No optimizar<\/strong>.<\/li>\n<\/ol>\n<p>[\/vc_column_text][\/vc_column][\/vc_row]<\/p>\n","protected":false},"excerpt":{"rendered":"<p>[vc_row][vc_column][vc_column_text el_class=&#8221;ancor-list&#8221;] Memoria y Ubicaci\u00f3n Ejecuci\u00f3n en segundo plano Ahorrador de bater\u00eda [\/vc_column_text][vc_column_text el_id=&#8221;access-to-location&#8221;] Memoria y Ubicaci\u00f3n [\/vc_column_text][vc_column_text] Los servicios de localizaci\u00f3n deben estar activados para que la app Rastreador X-GPS registre la ubicaci\u00f3n actual del empleado y la env\u00ede al servicio. Para que la aplicaci\u00f3n funcione correctamente sin conexi\u00f3n a Internet, debe permitirle acceder [&hellip;]<\/p>\n","protected":false},"author":5,"featured_media":0,"parent":1599,"menu_order":0,"comment_status":"closed","ping_status":"closed","template":"page-help.php","meta":{"inline_featured_image":false,"footnotes":""},"class_list":["post-1605","page","type-page","status-publish","hentry"],"yoast_head":"<!-- This site is optimized with the Yoast SEO plugin v27.2 - https:\/\/yoast.com\/product\/yoast-seo-wordpress\/ -->\n<title>Otros fabricantes: Configuraciones b\u00e1sicas<\/title>\n<meta name=\"description\" content=\"A continuaci\u00f3n le mostraremos c\u00f3mo configurar los ajustes del sistema operativo de Android en los dispositivos, para un \u00f3ptimo funcionamiento de la app Rastreador X-GPS.\" \/>\n<meta name=\"robots\" content=\"index, follow, max-snippet:-1, max-image-preview:large, max-video-preview:-1\" \/>\n<link rel=\"canonical\" href=\"https:\/\/x-gps.app\/es\/help\/tracker\/android\/settings\/\" \/>\n<meta property=\"og:locale\" content=\"es_ES\" \/>\n<meta property=\"og:type\" content=\"article\" \/>\n<meta property=\"og:title\" content=\"Otros fabricantes: Configuraciones b\u00e1sicas\" \/>\n<meta property=\"og:description\" content=\"A continuaci\u00f3n le mostraremos c\u00f3mo configurar los ajustes del sistema operativo de Android en los dispositivos, para un \u00f3ptimo funcionamiento de la app Rastreador X-GPS.\" \/>\n<meta property=\"og:url\" content=\"https:\/\/x-gps.app\/es\/help\/tracker\/android\/settings\/\" \/>\n<meta property=\"og:site_name\" content=\"X-GPS\" \/>\n<meta property=\"article:modified_time\" content=\"2019-05-22T10:01:15+00:00\" \/>\n<meta name=\"twitter:card\" content=\"summary_large_image\" \/>\n<meta name=\"twitter:label1\" content=\"Tiempo de lectura\" \/>\n\t<meta name=\"twitter:data1\" content=\"3 minutos\" \/>\n<script type=\"application\/ld+json\" class=\"yoast-schema-graph\">{\"@context\":\"https:\/\/schema.org\",\"@graph\":[{\"@type\":\"WebPage\",\"@id\":\"https:\/\/x-gps.app\/es\/help\/tracker\/android\/settings\/\",\"url\":\"https:\/\/x-gps.app\/es\/help\/tracker\/android\/settings\/\",\"name\":\"Otros fabricantes: Configuraciones b\u00e1sicas\",\"isPartOf\":{\"@id\":\"https:\/\/x-gps.app\/es\/#website\"},\"datePublished\":\"2019-05-15T07:47:53+00:00\",\"dateModified\":\"2019-05-22T10:01:15+00:00\",\"description\":\"A continuaci\u00f3n le mostraremos c\u00f3mo configurar los ajustes del sistema operativo de Android en los dispositivos, para un \u00f3ptimo funcionamiento de la app Rastreador X-GPS.\",\"breadcrumb\":{\"@id\":\"https:\/\/x-gps.app\/es\/help\/tracker\/android\/settings\/#breadcrumb\"},\"inLanguage\":\"es\",\"potentialAction\":[{\"@type\":\"ReadAction\",\"target\":[\"https:\/\/x-gps.app\/es\/help\/tracker\/android\/settings\/\"]}]},{\"@type\":\"BreadcrumbList\",\"@id\":\"https:\/\/x-gps.app\/es\/help\/tracker\/android\/settings\/#breadcrumb\",\"itemListElement\":[{\"@type\":\"ListItem\",\"position\":1,\"name\":\"\u0413\u043b\u0430\u0432\u043d\u0430\u044f \u0441\u0442\u0440\u0430\u043d\u0438\u0446\u0430\",\"item\":\"https:\/\/x-gps.app\/es\/\"},{\"@type\":\"ListItem\",\"position\":2,\"name\":\"Documentos\",\"item\":\"https:\/\/x-gps.app\/es\/help\/\"},{\"@type\":\"ListItem\",\"position\":3,\"name\":\"Tracker\",\"item\":\"https:\/\/x-gps.app\/es\/help\/tracker\/\"},{\"@type\":\"ListItem\",\"position\":4,\"name\":\"Otros fabricantes\",\"item\":\"https:\/\/x-gps.app\/es\/help\/tracker\/android\/\"},{\"@type\":\"ListItem\",\"position\":5,\"name\":\"Otros fabricantes: Configuraciones b\u00e1sicas\"}]},{\"@type\":\"WebSite\",\"@id\":\"https:\/\/x-gps.app\/es\/#website\",\"url\":\"https:\/\/x-gps.app\/es\/\",\"name\":\"X-GPS\",\"description\":\"\",\"potentialAction\":[{\"@type\":\"SearchAction\",\"target\":{\"@type\":\"EntryPoint\",\"urlTemplate\":\"https:\/\/x-gps.app\/es\/?s={search_term_string}\"},\"query-input\":{\"@type\":\"PropertyValueSpecification\",\"valueRequired\":true,\"valueName\":\"search_term_string\"}}],\"inLanguage\":\"es\"}]}<\/script>\n<!-- \/ Yoast SEO plugin. -->","yoast_head_json":{"title":"Otros fabricantes: Configuraciones b\u00e1sicas","description":"A continuaci\u00f3n le mostraremos c\u00f3mo configurar los ajustes del sistema operativo de Android en los dispositivos, para un \u00f3ptimo funcionamiento de la app Rastreador X-GPS.","robots":{"index":"index","follow":"follow","max-snippet":"max-snippet:-1","max-image-preview":"max-image-preview:large","max-video-preview":"max-video-preview:-1"},"canonical":"https:\/\/x-gps.app\/es\/help\/tracker\/android\/settings\/","og_locale":"es_ES","og_type":"article","og_title":"Otros fabricantes: Configuraciones b\u00e1sicas","og_description":"A continuaci\u00f3n le mostraremos c\u00f3mo configurar los ajustes del sistema operativo de Android en los dispositivos, para un \u00f3ptimo funcionamiento de la app Rastreador X-GPS.","og_url":"https:\/\/x-gps.app\/es\/help\/tracker\/android\/settings\/","og_site_name":"X-GPS","article_modified_time":"2019-05-22T10:01:15+00:00","twitter_card":"summary_large_image","twitter_misc":{"Tiempo de lectura":"3 minutos"},"schema":{"@context":"https:\/\/schema.org","@graph":[{"@type":"WebPage","@id":"https:\/\/x-gps.app\/es\/help\/tracker\/android\/settings\/","url":"https:\/\/x-gps.app\/es\/help\/tracker\/android\/settings\/","name":"Otros fabricantes: Configuraciones b\u00e1sicas","isPartOf":{"@id":"https:\/\/x-gps.app\/es\/#website"},"datePublished":"2019-05-15T07:47:53+00:00","dateModified":"2019-05-22T10:01:15+00:00","description":"A continuaci\u00f3n le mostraremos c\u00f3mo configurar los ajustes del sistema operativo de Android en los dispositivos, para un \u00f3ptimo funcionamiento de la app Rastreador X-GPS.","breadcrumb":{"@id":"https:\/\/x-gps.app\/es\/help\/tracker\/android\/settings\/#breadcrumb"},"inLanguage":"es","potentialAction":[{"@type":"ReadAction","target":["https:\/\/x-gps.app\/es\/help\/tracker\/android\/settings\/"]}]},{"@type":"BreadcrumbList","@id":"https:\/\/x-gps.app\/es\/help\/tracker\/android\/settings\/#breadcrumb","itemListElement":[{"@type":"ListItem","position":1,"name":"\u0413\u043b\u0430\u0432\u043d\u0430\u044f \u0441\u0442\u0440\u0430\u043d\u0438\u0446\u0430","item":"https:\/\/x-gps.app\/es\/"},{"@type":"ListItem","position":2,"name":"Documentos","item":"https:\/\/x-gps.app\/es\/help\/"},{"@type":"ListItem","position":3,"name":"Tracker","item":"https:\/\/x-gps.app\/es\/help\/tracker\/"},{"@type":"ListItem","position":4,"name":"Otros fabricantes","item":"https:\/\/x-gps.app\/es\/help\/tracker\/android\/"},{"@type":"ListItem","position":5,"name":"Otros fabricantes: Configuraciones b\u00e1sicas"}]},{"@type":"WebSite","@id":"https:\/\/x-gps.app\/es\/#website","url":"https:\/\/x-gps.app\/es\/","name":"X-GPS","description":"","potentialAction":[{"@type":"SearchAction","target":{"@type":"EntryPoint","urlTemplate":"https:\/\/x-gps.app\/es\/?s={search_term_string}"},"query-input":{"@type":"PropertyValueSpecification","valueRequired":true,"valueName":"search_term_string"}}],"inLanguage":"es"}]}},"_links":{"self":[{"href":"https:\/\/x-gps.app\/es\/wp-json\/wp\/v2\/pages\/1605","targetHints":{"allow":["GET"]}}],"collection":[{"href":"https:\/\/x-gps.app\/es\/wp-json\/wp\/v2\/pages"}],"about":[{"href":"https:\/\/x-gps.app\/es\/wp-json\/wp\/v2\/types\/page"}],"author":[{"embeddable":true,"href":"https:\/\/x-gps.app\/es\/wp-json\/wp\/v2\/users\/5"}],"replies":[{"embeddable":true,"href":"https:\/\/x-gps.app\/es\/wp-json\/wp\/v2\/comments?post=1605"}],"version-history":[{"count":4,"href":"https:\/\/x-gps.app\/es\/wp-json\/wp\/v2\/pages\/1605\/revisions"}],"predecessor-version":[{"id":1612,"href":"https:\/\/x-gps.app\/es\/wp-json\/wp\/v2\/pages\/1605\/revisions\/1612"}],"up":[{"embeddable":true,"href":"https:\/\/x-gps.app\/es\/wp-json\/wp\/v2\/pages\/1599"}],"wp:attachment":[{"href":"https:\/\/x-gps.app\/es\/wp-json\/wp\/v2\/media?parent=1605"}],"curies":[{"name":"wp","href":"https:\/\/api.w.org\/{rel}","templated":true}]}}