{"id":1593,"date":"2019-05-15T07:07:23","date_gmt":"2019-05-15T07:07:23","guid":{"rendered":"https:\/\/x-gps.app\/help\/tracker\/android9\/"},"modified":"2019-05-22T10:30:24","modified_gmt":"2019-05-22T10:30:24","slug":"android9","status":"publish","type":"page","link":"https:\/\/x-gps.app\/es\/help\/tracker\/android9\/","title":{"rendered":"Android 9.0: C\u00f3mo mejorar la precisi\u00f3n de la ubicaci\u00f3n?"},"content":{"rendered":"<p>[vc_row][vc_column][vc_column_text]<\/p>\n<ol>\n<li>Abra la aplicaci\u00f3n Configuraci\u00f3n del dispositivo.<\/li>\n<li>Dir\u00edjase a la secci\u00f3n de <strong>Seguridad y Privacidad<\/strong>.<br \/>\n<em><strong>Nota.<\/strong> Si no puede encontrar esta secci\u00f3n, b\u00fasquela en la Configuraci\u00f3n avanzada.<\/em><\/li>\n<li>Presione <strong>Ubicaci\u00f3n<\/strong> \u2192 Habilite el uso de la ubicaci\u00f3n.<\/li>\n<li>Deslice el interruptor <strong>Mejorar la precisi\u00f3n de la ubicaci\u00f3n<\/strong> a la derecha para usar todas las redes y m\u00e9todos disponibles.<\/li>\n<\/ol>\n<p>[\/vc_column_text][vc_row_inner][vc_column_inner width=&#8221;1\/2&#8243;][vc_single_image image=&#8221;1644&#8243; img_size=&#8221;full&#8221; alignment=&#8221;center&#8221; style=&#8221;vc_box_border&#8221;][\/vc_column_inner][vc_column_inner width=&#8221;1\/2&#8243;][vc_single_image image=&#8221;1647&#8243; img_size=&#8221;full&#8221; alignment=&#8221;center&#8221; style=&#8221;vc_box_border&#8221;][\/vc_column_inner][\/vc_row_inner][\/vc_column][\/vc_row]<\/p>\n","protected":false},"excerpt":{"rendered":"<p>[vc_row][vc_column][vc_column_text] Abra la aplicaci\u00f3n Configuraci\u00f3n del dispositivo. Dir\u00edjase a la secci\u00f3n de Seguridad y Privacidad. Nota. Si no puede encontrar esta secci\u00f3n, b\u00fasquela en la Configuraci\u00f3n avanzada. Presione Ubicaci\u00f3n \u2192 Habilite el uso de la ubicaci\u00f3n. Deslice el interruptor Mejorar la precisi\u00f3n de la ubicaci\u00f3n a la derecha para usar todas las redes y m\u00e9todos [&hellip;]<\/p>\n","protected":false},"author":5,"featured_media":0,"parent":758,"menu_order":0,"comment_status":"closed","ping_status":"closed","template":"page-help.php","meta":{"inline_featured_image":false,"footnotes":""},"class_list":["post-1593","page","type-page","status-publish","hentry"],"yoast_head":"<!-- This site is optimized with the Yoast SEO plugin v27.2 - https:\/\/yoast.com\/product\/yoast-seo-wordpress\/ -->\n<title>Android 9.0: C\u00f3mo mejorar la precisi\u00f3n de la ubicaci\u00f3n?<\/title>\n<meta name=\"description\" content=\"C\u00f3mo mejorar la precisi\u00f3n de la ubicaci\u00f3n?\" \/>\n<meta name=\"robots\" content=\"index, follow, max-snippet:-1, max-image-preview:large, max-video-preview:-1\" \/>\n<link rel=\"canonical\" href=\"https:\/\/x-gps.app\/es\/help\/tracker\/android9\/\" \/>\n<meta property=\"og:locale\" content=\"es_ES\" \/>\n<meta property=\"og:type\" content=\"article\" \/>\n<meta property=\"og:title\" content=\"Android 9.0: C\u00f3mo mejorar la precisi\u00f3n de la ubicaci\u00f3n?\" \/>\n<meta property=\"og:description\" content=\"C\u00f3mo mejorar la precisi\u00f3n de la ubicaci\u00f3n?\" \/>\n<meta property=\"og:url\" content=\"https:\/\/x-gps.app\/es\/help\/tracker\/android9\/\" \/>\n<meta property=\"og:site_name\" content=\"X-GPS\" \/>\n<meta property=\"article:modified_time\" content=\"2019-05-22T10:30:24+00:00\" \/>\n<meta name=\"twitter:card\" content=\"summary_large_image\" \/>\n<meta name=\"twitter:label1\" content=\"Tiempo de lectura\" \/>\n\t<meta name=\"twitter:data1\" content=\"1 minuto\" \/>\n<script type=\"application\/ld+json\" class=\"yoast-schema-graph\">{\"@context\":\"https:\/\/schema.org\",\"@graph\":[{\"@type\":\"WebPage\",\"@id\":\"https:\/\/x-gps.app\/es\/help\/tracker\/android9\/\",\"url\":\"https:\/\/x-gps.app\/es\/help\/tracker\/android9\/\",\"name\":\"Android 9.0: C\u00f3mo mejorar la precisi\u00f3n de la ubicaci\u00f3n?\",\"isPartOf\":{\"@id\":\"https:\/\/x-gps.app\/es\/#website\"},\"datePublished\":\"2019-05-15T07:07:23+00:00\",\"dateModified\":\"2019-05-22T10:30:24+00:00\",\"description\":\"C\u00f3mo mejorar la precisi\u00f3n de la ubicaci\u00f3n?\",\"breadcrumb\":{\"@id\":\"https:\/\/x-gps.app\/es\/help\/tracker\/android9\/#breadcrumb\"},\"inLanguage\":\"es\",\"potentialAction\":[{\"@type\":\"ReadAction\",\"target\":[\"https:\/\/x-gps.app\/es\/help\/tracker\/android9\/\"]}]},{\"@type\":\"BreadcrumbList\",\"@id\":\"https:\/\/x-gps.app\/es\/help\/tracker\/android9\/#breadcrumb\",\"itemListElement\":[{\"@type\":\"ListItem\",\"position\":1,\"name\":\"\u0413\u043b\u0430\u0432\u043d\u0430\u044f \u0441\u0442\u0440\u0430\u043d\u0438\u0446\u0430\",\"item\":\"https:\/\/x-gps.app\/es\/\"},{\"@type\":\"ListItem\",\"position\":2,\"name\":\"Documentos\",\"item\":\"https:\/\/x-gps.app\/es\/help\/\"},{\"@type\":\"ListItem\",\"position\":3,\"name\":\"Tracker\",\"item\":\"https:\/\/x-gps.app\/es\/help\/tracker\/\"},{\"@type\":\"ListItem\",\"position\":4,\"name\":\"Android 9.0: C\u00f3mo mejorar la precisi\u00f3n de la ubicaci\u00f3n?\"}]},{\"@type\":\"WebSite\",\"@id\":\"https:\/\/x-gps.app\/es\/#website\",\"url\":\"https:\/\/x-gps.app\/es\/\",\"name\":\"X-GPS\",\"description\":\"\",\"potentialAction\":[{\"@type\":\"SearchAction\",\"target\":{\"@type\":\"EntryPoint\",\"urlTemplate\":\"https:\/\/x-gps.app\/es\/?s={search_term_string}\"},\"query-input\":{\"@type\":\"PropertyValueSpecification\",\"valueRequired\":true,\"valueName\":\"search_term_string\"}}],\"inLanguage\":\"es\"}]}<\/script>\n<!-- \/ Yoast SEO plugin. -->","yoast_head_json":{"title":"Android 9.0: C\u00f3mo mejorar la precisi\u00f3n de la ubicaci\u00f3n?","description":"C\u00f3mo mejorar la precisi\u00f3n de la ubicaci\u00f3n?","robots":{"index":"index","follow":"follow","max-snippet":"max-snippet:-1","max-image-preview":"max-image-preview:large","max-video-preview":"max-video-preview:-1"},"canonical":"https:\/\/x-gps.app\/es\/help\/tracker\/android9\/","og_locale":"es_ES","og_type":"article","og_title":"Android 9.0: C\u00f3mo mejorar la precisi\u00f3n de la ubicaci\u00f3n?","og_description":"C\u00f3mo mejorar la precisi\u00f3n de la ubicaci\u00f3n?","og_url":"https:\/\/x-gps.app\/es\/help\/tracker\/android9\/","og_site_name":"X-GPS","article_modified_time":"2019-05-22T10:30:24+00:00","twitter_card":"summary_large_image","twitter_misc":{"Tiempo de lectura":"1 minuto"},"schema":{"@context":"https:\/\/schema.org","@graph":[{"@type":"WebPage","@id":"https:\/\/x-gps.app\/es\/help\/tracker\/android9\/","url":"https:\/\/x-gps.app\/es\/help\/tracker\/android9\/","name":"Android 9.0: C\u00f3mo mejorar la precisi\u00f3n de la ubicaci\u00f3n?","isPartOf":{"@id":"https:\/\/x-gps.app\/es\/#website"},"datePublished":"2019-05-15T07:07:23+00:00","dateModified":"2019-05-22T10:30:24+00:00","description":"C\u00f3mo mejorar la precisi\u00f3n de la ubicaci\u00f3n?","breadcrumb":{"@id":"https:\/\/x-gps.app\/es\/help\/tracker\/android9\/#breadcrumb"},"inLanguage":"es","potentialAction":[{"@type":"ReadAction","target":["https:\/\/x-gps.app\/es\/help\/tracker\/android9\/"]}]},{"@type":"BreadcrumbList","@id":"https:\/\/x-gps.app\/es\/help\/tracker\/android9\/#breadcrumb","itemListElement":[{"@type":"ListItem","position":1,"name":"\u0413\u043b\u0430\u0432\u043d\u0430\u044f \u0441\u0442\u0440\u0430\u043d\u0438\u0446\u0430","item":"https:\/\/x-gps.app\/es\/"},{"@type":"ListItem","position":2,"name":"Documentos","item":"https:\/\/x-gps.app\/es\/help\/"},{"@type":"ListItem","position":3,"name":"Tracker","item":"https:\/\/x-gps.app\/es\/help\/tracker\/"},{"@type":"ListItem","position":4,"name":"Android 9.0: C\u00f3mo mejorar la precisi\u00f3n de la ubicaci\u00f3n?"}]},{"@type":"WebSite","@id":"https:\/\/x-gps.app\/es\/#website","url":"https:\/\/x-gps.app\/es\/","name":"X-GPS","description":"","potentialAction":[{"@type":"SearchAction","target":{"@type":"EntryPoint","urlTemplate":"https:\/\/x-gps.app\/es\/?s={search_term_string}"},"query-input":{"@type":"PropertyValueSpecification","valueRequired":true,"valueName":"search_term_string"}}],"inLanguage":"es"}]}},"_links":{"self":[{"href":"https:\/\/x-gps.app\/es\/wp-json\/wp\/v2\/pages\/1593","targetHints":{"allow":["GET"]}}],"collection":[{"href":"https:\/\/x-gps.app\/es\/wp-json\/wp\/v2\/pages"}],"about":[{"href":"https:\/\/x-gps.app\/es\/wp-json\/wp\/v2\/types\/page"}],"author":[{"embeddable":true,"href":"https:\/\/x-gps.app\/es\/wp-json\/wp\/v2\/users\/5"}],"replies":[{"embeddable":true,"href":"https:\/\/x-gps.app\/es\/wp-json\/wp\/v2\/comments?post=1593"}],"version-history":[{"count":3,"href":"https:\/\/x-gps.app\/es\/wp-json\/wp\/v2\/pages\/1593\/revisions"}],"predecessor-version":[{"id":1650,"href":"https:\/\/x-gps.app\/es\/wp-json\/wp\/v2\/pages\/1593\/revisions\/1650"}],"up":[{"embeddable":true,"href":"https:\/\/x-gps.app\/es\/wp-json\/wp\/v2\/pages\/758"}],"wp:attachment":[{"href":"https:\/\/x-gps.app\/es\/wp-json\/wp\/v2\/media?parent=1593"}],"curies":[{"name":"wp","href":"https:\/\/api.w.org\/{rel}","templated":true}]}}