{"id":1289,"date":"2019-02-05T07:08:54","date_gmt":"2019-02-05T07:08:54","guid":{"rendered":"https:\/\/x-gps.app\/help\/tracker\/xiaomi\/settings\/"},"modified":"2019-03-15T09:22:17","modified_gmt":"2019-03-15T09:22:17","slug":"settings","status":"publish","type":"page","link":"https:\/\/x-gps.app\/es\/help\/tracker\/xiaomi\/settings\/","title":{"rendered":"Xiaomi: Configuraci\u00f3n b\u00e1sica"},"content":{"rendered":"<p>[vc_row][vc_column][vc_column_text el_class=&#8221;ancor-list&#8221;]<\/p>\n<ul>\n<li><a href=\"#autorun\">Inicio autom\u00e1tico<\/a><\/li>\n<li><a href=\"#run-in-background\">Ejecuci\u00f3n en segundo plano<\/a><\/li>\n<li><a href=\"#network\">Conexi\u00f3n a redes<\/a><\/li>\n<li><a href=\"#control\">Ahorrador de bater\u00eda<\/a><\/li>\n<li><a href=\"#access-to-location\">Ubicaci\u00f3n y almacenamiento<\/a><\/li>\n<\/ul>\n<p>[\/vc_column_text][vc_column_text el_id=&#8221;autorun&#8221;]<\/p>\n<h2>Inicio autom\u00e1tico<\/h2>\n<p>[\/vc_column_text][vc_column_text]<\/p>\n<p>Para que la aplicaci\u00f3n Rastreador X-GPS se abra autom\u00e1ticamente despu\u00e9s de reiniciar el dispositivo, es necesario activar la opci\u00f3n de Inicio autom\u00e1tico.<\/p>\n<p>Para hacer esto abra la Configuraci\u00f3n \u2192 Aplicaciones instaladas\u2192 Rastreador X-GPS \u2192 Inicio autom\u00e1tico \u2192 Deslice el interruptor hacia la derecha.<\/p>\n<p>[\/vc_column_text][vc_row_inner][vc_column_inner width=&#8221;1\/2&#8243;][vc_single_image image=&#8221;1404&#8243; img_size=&#8221;full&#8221; alignment=&#8221;center&#8221; style=&#8221;vc_box_border&#8221;][\/vc_column_inner][vc_column_inner width=&#8221;1\/2&#8243;][vc_single_image image=&#8221;1407&#8243; img_size=&#8221;full&#8221; alignment=&#8221;center&#8221; style=&#8221;vc_box_border&#8221;][\/vc_column_inner][\/vc_row_inner][vc_row_inner][vc_column_inner][vc_single_image image=&#8221;1410&#8243; img_size=&#8221;full&#8221; alignment=&#8221;center&#8221; style=&#8221;vc_box_border&#8221;][\/vc_column_inner][\/vc_row_inner][vc_column_text el_id=&#8221;run-in-background&#8221;]<\/p>\n<h2>Ejecuci\u00f3n en segundo plano<\/h2>\n<p>[\/vc_column_text][vc_column_text]<\/p>\n<p>Para recibir actualizaciones de la ubicaci\u00f3n mientras la app X-GPS est\u00e1 minimizada o la pantalla est\u00e1 bloqueada, es necesario habilitar la ejecuci\u00f3n en segundo plano.<\/p>\n<p>Para hacer esto dir\u00edjase a la Configuraci\u00f3n \u2192 Aplicaciones instaladas \u2192 Rastreador X-GPS \u2192 Otros permisos \u2192 Deslice los interruptores \u2018Mostrar en pantalla de bloqueo\u2019 y \u2018Iniciar en segundo plano\u2019 hacia la derecha.<\/p>\n<p>[\/vc_column_text][vc_row_inner][vc_column_inner width=&#8221;1\/2&#8243;][vc_single_image image=&#8221;1404&#8243; img_size=&#8221;full&#8221; alignment=&#8221;center&#8221; style=&#8221;vc_box_border&#8221;][\/vc_column_inner][vc_column_inner width=&#8221;1\/2&#8243;][vc_single_image image=&#8221;1407&#8243; img_size=&#8221;full&#8221; alignment=&#8221;center&#8221; style=&#8221;vc_box_border&#8221;][\/vc_column_inner][\/vc_row_inner][vc_row_inner][vc_column_inner width=&#8221;1\/2&#8243;][vc_single_image image=&#8221;1413&#8243; img_size=&#8221;full&#8221; alignment=&#8221;center&#8221; style=&#8221;vc_box_border&#8221;][\/vc_column_inner][vc_column_inner width=&#8221;1\/2&#8243;][vc_single_image image=&#8221;1416&#8243; img_size=&#8221;full&#8221; alignment=&#8221;center&#8221; style=&#8221;vc_box_border&#8221;][\/vc_column_inner][\/vc_row_inner][vc_column_text el_id=&#8221;network&#8221;]<\/p>\n<h2>Conexi\u00f3n a redes<\/h2>\n<p>[\/vc_column_text][vc_column_text]<\/p>\n<p>La aplicaci\u00f3n Rastreador X-GPS admite la transferencia de datos a trav\u00e9s de las redes celulares y Wi-Fi. Para activar la conexi\u00f3n a las redes, es necesario establecer los permisos apropiados en la configuraci\u00f3n \u2018Restringir el uso de datos\u2019. Es \u00fatil para utilizar el dispositivo dentro del edificio que tiene acceso a una red WI-FI si la se\u00f1al GSM es d\u00e9bil.<\/p>\n<p>Para hacer esto dir\u00edjase a la Configuraci\u00f3n \u2192 Aplicaciones instaladas \u2192 Rastreador X-GPS \u2192 Restringir el uso de datos \u2192 Active Wi-Fi y los datos m\u00f3viles.<\/p>\n<p>[\/vc_column_text][vc_row_inner][vc_column_inner width=&#8221;1\/2&#8243;][vc_single_image image=&#8221;1404&#8243; img_size=&#8221;full&#8221; alignment=&#8221;center&#8221; style=&#8221;vc_box_border&#8221;][\/vc_column_inner][vc_column_inner width=&#8221;1\/2&#8243;][vc_single_image image=&#8221;1407&#8243; img_size=&#8221;full&#8221; alignment=&#8221;center&#8221; style=&#8221;vc_box_border&#8221;][\/vc_column_inner][\/vc_row_inner][vc_row_inner][vc_column_inner width=&#8221;1\/2&#8243;][vc_single_image image=&#8221;1419&#8243; img_size=&#8221;full&#8221; alignment=&#8221;center&#8221; style=&#8221;vc_box_border&#8221;][\/vc_column_inner][vc_column_inner width=&#8221;1\/2&#8243;][vc_single_image image=&#8221;1422&#8243; img_size=&#8221;full&#8221; alignment=&#8221;center&#8221; style=&#8221;vc_box_border&#8221;][\/vc_column_inner][\/vc_row_inner][vc_column_text el_id=&#8221;control&#8221;]<\/p>\n<h2>Ahorrador de bater\u00eda<\/h2>\n<p>[\/vc_column_text][vc_column_text]<\/p>\n<p>El sistema operativo MIUI cierra autom\u00e1ticamente la aplicaci\u00f3n si el dispositivo no ha detectado ning\u00fan movimiento de los veh\u00edculos durante un largo periodo de tiempo. Para evitar el cierre, es necesario desactivar la opci\u00f3n de Ahorrador de bater\u00eda.<\/p>\n<p>Para hacer esto abra la Configuraci\u00f3n \u2192 Aplicaciones instaladas \u2192 Rastreador X-GPS \u2192 Ahorrador de bater\u00eda \u2192 Sin restricciones.<\/p>\n<p>[\/vc_column_text][vc_row_inner][vc_column_inner width=&#8221;1\/2&#8243;][vc_single_image image=&#8221;1404&#8243; img_size=&#8221;full&#8221; alignment=&#8221;center&#8221; style=&#8221;vc_box_border&#8221;][\/vc_column_inner][vc_column_inner width=&#8221;1\/2&#8243;][vc_single_image image=&#8221;1407&#8243; img_size=&#8221;full&#8221; alignment=&#8221;center&#8221; style=&#8221;vc_box_border&#8221;][\/vc_column_inner][\/vc_row_inner][vc_row_inner][vc_column_inner width=&#8221;1\/2&#8243;][vc_single_image image=&#8221;1425&#8243; img_size=&#8221;full&#8221; alignment=&#8221;center&#8221; style=&#8221;vc_box_border&#8221;][\/vc_column_inner][vc_column_inner width=&#8221;1\/2&#8243;][vc_single_image image=&#8221;1428&#8243; img_size=&#8221;full&#8221; alignment=&#8221;center&#8221; style=&#8221;vc_box_border&#8221;][\/vc_column_inner][\/vc_row_inner][vc_column_text el_id=&#8221;access-to-location&#8221;]<\/p>\n<h2>Ubicaci\u00f3n y almacenamiento<\/h2>\n<p>[\/vc_column_text][vc_column_text]<\/p>\n<p>Los servicios de localizaci\u00f3n <em>deben estar activados<\/em> para que la app Rastreador X-GPS registre la ubicaci\u00f3n actual del empleado y la env\u00ede al servicio.<\/p>\n<p>Para que la aplicaci\u00f3n funcione correctamente sin conexi\u00f3n a Internet, debe permitirle acceder a la memoria del dispositivo.<\/p>\n<p>[\/vc_column_text][vc_tta_accordion c_icon=&#8221;chevron&#8221; active_section=&#8221;&#8221; collapsible_all=&#8221;true&#8221;][vc_tta_section title=&#8221;M\u00e1s informaci\u00f3n acerca de la operaci\u00f3n fuera de l\u00ednea&#8221; tab_id=&#8221;1549008445614-f19cd1b9-4790&#8243;][vc_column_text]<\/p>\n<p>Cuando el dispositivo se utiliza en un \u00e1rea sin conexi\u00f3n a Internet (por ejemplo, fuera de la ciudad o en itinerancia), la aplicaci\u00f3n Rastreador X-GPS sigue funcionando offline. Esto significa que todos los datos de los recorridos GPS, notas de tareas, fotos, etc. se almacenar\u00e1n en la memoria del dispositivo. Una vez restaurada la conexi\u00f3n a Internet, esta informaci\u00f3n se transmitir\u00e1 autom\u00e1ticamente al servidor.<\/p>\n<p>[\/vc_column_text][\/vc_tta_section][\/vc_tta_accordion][vc_column_text]<\/p>\n<p>Para hacer esto dir\u00edjase a la Configuraci\u00f3n \u2192 Aplicaciones instaladas \u2192 Rastreador X-GPS \u2192 Permisos de la aplicaci\u00f3n \u2192 Espacio de almacenamiento y Ubicaci\u00f3n \u2192 Deslice los interruptores hacia la derecha.<\/p>\n<p>[\/vc_column_text][vc_row_inner][vc_column_inner width=&#8221;1\/2&#8243;][vc_single_image image=&#8221;1404&#8243; img_size=&#8221;full&#8221; alignment=&#8221;center&#8221; style=&#8221;vc_box_border&#8221;][\/vc_column_inner][vc_column_inner width=&#8221;1\/2&#8243;][vc_single_image image=&#8221;1407&#8243; img_size=&#8221;full&#8221; alignment=&#8221;center&#8221; style=&#8221;vc_box_border&#8221;][\/vc_column_inner][\/vc_row_inner][vc_row_inner][vc_column_inner width=&#8221;1\/2&#8243;][vc_single_image image=&#8221;1431&#8243; img_size=&#8221;full&#8221; alignment=&#8221;center&#8221; style=&#8221;vc_box_border&#8221;][\/vc_column_inner][vc_column_inner width=&#8221;1\/2&#8243;][vc_single_image image=&#8221;1434&#8243; img_size=&#8221;full&#8221; alignment=&#8221;center&#8221; style=&#8221;vc_box_border&#8221;][\/vc_column_inner][\/vc_row_inner][vc_column_text]<\/p>\n<div class=\"settings_end\">\r\n<hr \/>\r\n<p>Para optimizar el rendimiento de la app, siga los\u00a0<a href=\"..\/recommendations\/\">consejos de uso<\/a><\/p>\r\n<\/div>\n<p>[\/vc_column_text][\/vc_column][\/vc_row]<\/p>\n","protected":false},"excerpt":{"rendered":"<p>[vc_row][vc_column][vc_column_text el_class=&#8221;ancor-list&#8221;] Inicio autom\u00e1tico Ejecuci\u00f3n en segundo plano Conexi\u00f3n a redes Ahorrador de bater\u00eda Ubicaci\u00f3n y almacenamiento [\/vc_column_text][vc_column_text el_id=&#8221;autorun&#8221;] Inicio autom\u00e1tico [\/vc_column_text][vc_column_text] Para que la aplicaci\u00f3n Rastreador X-GPS se abra autom\u00e1ticamente despu\u00e9s de reiniciar el dispositivo, es necesario activar la opci\u00f3n de Inicio autom\u00e1tico. Para hacer esto abra la Configuraci\u00f3n \u2192 Aplicaciones instaladas\u2192 Rastreador X-GPS [&hellip;]<\/p>\n","protected":false},"author":5,"featured_media":0,"parent":1286,"menu_order":0,"comment_status":"closed","ping_status":"closed","template":"page-help.php","meta":{"inline_featured_image":false,"footnotes":""},"class_list":["post-1289","page","type-page","status-publish","hentry"],"yoast_head":"<!-- This site is optimized with the Yoast SEO plugin v27.2 - https:\/\/yoast.com\/product\/yoast-seo-wordpress\/ -->\n<title>Xiaomi: Configuraci\u00f3n b\u00e1sica &#8212; X-GPS<\/title>\n<meta name=\"description\" content=\"Despu\u00e9s de instalar la aplicaci\u00f3n, se recomienda ajustar las siguientes configuraciones b\u00e1sicas, para dar el acceso y los permisos de la aplicaci\u00f3n\" \/>\n<meta name=\"robots\" content=\"index, follow, max-snippet:-1, max-image-preview:large, max-video-preview:-1\" \/>\n<link rel=\"canonical\" href=\"https:\/\/x-gps.app\/es\/help\/tracker\/xiaomi\/settings\/\" \/>\n<meta property=\"og:locale\" content=\"es_ES\" \/>\n<meta property=\"og:type\" content=\"article\" \/>\n<meta property=\"og:title\" content=\"Xiaomi: Configuraci\u00f3n b\u00e1sica &#8212; X-GPS\" \/>\n<meta property=\"og:description\" content=\"Despu\u00e9s de instalar la aplicaci\u00f3n, se recomienda ajustar las siguientes configuraciones b\u00e1sicas, para dar el acceso y los permisos de la aplicaci\u00f3n\" \/>\n<meta property=\"og:url\" content=\"https:\/\/x-gps.app\/es\/help\/tracker\/xiaomi\/settings\/\" \/>\n<meta property=\"og:site_name\" content=\"X-GPS\" \/>\n<meta property=\"article:modified_time\" content=\"2019-03-15T09:22:17+00:00\" \/>\n<meta name=\"twitter:card\" content=\"summary_large_image\" \/>\n<meta name=\"twitter:label1\" content=\"Tiempo de lectura\" \/>\n\t<meta name=\"twitter:data1\" content=\"5 minutos\" \/>\n<script type=\"application\/ld+json\" class=\"yoast-schema-graph\">{\"@context\":\"https:\/\/schema.org\",\"@graph\":[{\"@type\":\"WebPage\",\"@id\":\"https:\/\/x-gps.app\/es\/help\/tracker\/xiaomi\/settings\/\",\"url\":\"https:\/\/x-gps.app\/es\/help\/tracker\/xiaomi\/settings\/\",\"name\":\"Xiaomi: Configuraci\u00f3n b\u00e1sica &#8212; X-GPS\",\"isPartOf\":{\"@id\":\"https:\/\/x-gps.app\/es\/#website\"},\"datePublished\":\"2019-02-05T07:08:54+00:00\",\"dateModified\":\"2019-03-15T09:22:17+00:00\",\"description\":\"Despu\u00e9s de instalar la aplicaci\u00f3n, se recomienda ajustar las siguientes configuraciones b\u00e1sicas, para dar el acceso y los permisos de la aplicaci\u00f3n\",\"breadcrumb\":{\"@id\":\"https:\/\/x-gps.app\/es\/help\/tracker\/xiaomi\/settings\/#breadcrumb\"},\"inLanguage\":\"es\",\"potentialAction\":[{\"@type\":\"ReadAction\",\"target\":[\"https:\/\/x-gps.app\/es\/help\/tracker\/xiaomi\/settings\/\"]}]},{\"@type\":\"BreadcrumbList\",\"@id\":\"https:\/\/x-gps.app\/es\/help\/tracker\/xiaomi\/settings\/#breadcrumb\",\"itemListElement\":[{\"@type\":\"ListItem\",\"position\":1,\"name\":\"\u0413\u043b\u0430\u0432\u043d\u0430\u044f \u0441\u0442\u0440\u0430\u043d\u0438\u0446\u0430\",\"item\":\"https:\/\/x-gps.app\/es\/\"},{\"@type\":\"ListItem\",\"position\":2,\"name\":\"Documentos\",\"item\":\"https:\/\/x-gps.app\/es\/help\/\"},{\"@type\":\"ListItem\",\"position\":3,\"name\":\"Tracker\",\"item\":\"https:\/\/x-gps.app\/es\/help\/tracker\/\"},{\"@type\":\"ListItem\",\"position\":4,\"name\":\"Xiaomi\",\"item\":\"https:\/\/x-gps.app\/es\/help\/tracker\/xiaomi\/\"},{\"@type\":\"ListItem\",\"position\":5,\"name\":\"Xiaomi: Configuraci\u00f3n b\u00e1sica\"}]},{\"@type\":\"WebSite\",\"@id\":\"https:\/\/x-gps.app\/es\/#website\",\"url\":\"https:\/\/x-gps.app\/es\/\",\"name\":\"X-GPS\",\"description\":\"\",\"potentialAction\":[{\"@type\":\"SearchAction\",\"target\":{\"@type\":\"EntryPoint\",\"urlTemplate\":\"https:\/\/x-gps.app\/es\/?s={search_term_string}\"},\"query-input\":{\"@type\":\"PropertyValueSpecification\",\"valueRequired\":true,\"valueName\":\"search_term_string\"}}],\"inLanguage\":\"es\"}]}<\/script>\n<!-- \/ Yoast SEO plugin. -->","yoast_head_json":{"title":"Xiaomi: Configuraci\u00f3n b\u00e1sica &#8212; X-GPS","description":"Despu\u00e9s de instalar la aplicaci\u00f3n, se recomienda ajustar las siguientes configuraciones b\u00e1sicas, para dar el acceso y los permisos de la aplicaci\u00f3n","robots":{"index":"index","follow":"follow","max-snippet":"max-snippet:-1","max-image-preview":"max-image-preview:large","max-video-preview":"max-video-preview:-1"},"canonical":"https:\/\/x-gps.app\/es\/help\/tracker\/xiaomi\/settings\/","og_locale":"es_ES","og_type":"article","og_title":"Xiaomi: Configuraci\u00f3n b\u00e1sica &#8212; X-GPS","og_description":"Despu\u00e9s de instalar la aplicaci\u00f3n, se recomienda ajustar las siguientes configuraciones b\u00e1sicas, para dar el acceso y los permisos de la aplicaci\u00f3n","og_url":"https:\/\/x-gps.app\/es\/help\/tracker\/xiaomi\/settings\/","og_site_name":"X-GPS","article_modified_time":"2019-03-15T09:22:17+00:00","twitter_card":"summary_large_image","twitter_misc":{"Tiempo de lectura":"5 minutos"},"schema":{"@context":"https:\/\/schema.org","@graph":[{"@type":"WebPage","@id":"https:\/\/x-gps.app\/es\/help\/tracker\/xiaomi\/settings\/","url":"https:\/\/x-gps.app\/es\/help\/tracker\/xiaomi\/settings\/","name":"Xiaomi: Configuraci\u00f3n b\u00e1sica &#8212; X-GPS","isPartOf":{"@id":"https:\/\/x-gps.app\/es\/#website"},"datePublished":"2019-02-05T07:08:54+00:00","dateModified":"2019-03-15T09:22:17+00:00","description":"Despu\u00e9s de instalar la aplicaci\u00f3n, se recomienda ajustar las siguientes configuraciones b\u00e1sicas, para dar el acceso y los permisos de la aplicaci\u00f3n","breadcrumb":{"@id":"https:\/\/x-gps.app\/es\/help\/tracker\/xiaomi\/settings\/#breadcrumb"},"inLanguage":"es","potentialAction":[{"@type":"ReadAction","target":["https:\/\/x-gps.app\/es\/help\/tracker\/xiaomi\/settings\/"]}]},{"@type":"BreadcrumbList","@id":"https:\/\/x-gps.app\/es\/help\/tracker\/xiaomi\/settings\/#breadcrumb","itemListElement":[{"@type":"ListItem","position":1,"name":"\u0413\u043b\u0430\u0432\u043d\u0430\u044f \u0441\u0442\u0440\u0430\u043d\u0438\u0446\u0430","item":"https:\/\/x-gps.app\/es\/"},{"@type":"ListItem","position":2,"name":"Documentos","item":"https:\/\/x-gps.app\/es\/help\/"},{"@type":"ListItem","position":3,"name":"Tracker","item":"https:\/\/x-gps.app\/es\/help\/tracker\/"},{"@type":"ListItem","position":4,"name":"Xiaomi","item":"https:\/\/x-gps.app\/es\/help\/tracker\/xiaomi\/"},{"@type":"ListItem","position":5,"name":"Xiaomi: Configuraci\u00f3n b\u00e1sica"}]},{"@type":"WebSite","@id":"https:\/\/x-gps.app\/es\/#website","url":"https:\/\/x-gps.app\/es\/","name":"X-GPS","description":"","potentialAction":[{"@type":"SearchAction","target":{"@type":"EntryPoint","urlTemplate":"https:\/\/x-gps.app\/es\/?s={search_term_string}"},"query-input":{"@type":"PropertyValueSpecification","valueRequired":true,"valueName":"search_term_string"}}],"inLanguage":"es"}]}},"_links":{"self":[{"href":"https:\/\/x-gps.app\/es\/wp-json\/wp\/v2\/pages\/1289","targetHints":{"allow":["GET"]}}],"collection":[{"href":"https:\/\/x-gps.app\/es\/wp-json\/wp\/v2\/pages"}],"about":[{"href":"https:\/\/x-gps.app\/es\/wp-json\/wp\/v2\/types\/page"}],"author":[{"embeddable":true,"href":"https:\/\/x-gps.app\/es\/wp-json\/wp\/v2\/users\/5"}],"replies":[{"embeddable":true,"href":"https:\/\/x-gps.app\/es\/wp-json\/wp\/v2\/comments?post=1289"}],"version-history":[{"count":3,"href":"https:\/\/x-gps.app\/es\/wp-json\/wp\/v2\/pages\/1289\/revisions"}],"predecessor-version":[{"id":1437,"href":"https:\/\/x-gps.app\/es\/wp-json\/wp\/v2\/pages\/1289\/revisions\/1437"}],"up":[{"embeddable":true,"href":"https:\/\/x-gps.app\/es\/wp-json\/wp\/v2\/pages\/1286"}],"wp:attachment":[{"href":"https:\/\/x-gps.app\/es\/wp-json\/wp\/v2\/media?parent=1289"}],"curies":[{"name":"wp","href":"https:\/\/api.w.org\/{rel}","templated":true}]}}