{"id":1286,"date":"2019-02-04T13:23:53","date_gmt":"2019-02-04T13:23:53","guid":{"rendered":"https:\/\/x-gps.app\/help\/tracker\/xiaomi\/"},"modified":"2019-03-14T13:15:54","modified_gmt":"2019-03-14T13:15:54","slug":"xiaomi","status":"publish","type":"page","link":"https:\/\/x-gps.app\/es\/help\/tracker\/xiaomi\/","title":{"rendered":"Xiaomi"},"content":{"rendered":"<p>[vc_row][vc_column][vc_column_text]<\/p>\n<p>A continuaci\u00f3n le mostraremos c\u00f3mo configurar los ajustes de la capa de personalizaci\u00f3n <strong>MIUI<\/strong> en los dispositivos de <strong>Xiaomi<\/strong>, para un \u00f3ptimo funcionamiento de la app <strong>Rastreador X-GPS<\/strong>.<\/p>\n<p>[\/vc_column_text][vc_column_text el_class=&#8221;info-blockquote&#8221;]<\/p>\n<p>Los dispositivos m\u00f3viles de Xiaomi operan con su propia capa de personalizaci\u00f3n, llamada MIUI con sistema Android. La capa de personalizaci\u00f3n ofrece una interfaz intuitiva y adem\u00e1s contiene una serie de mejoras, incluido un modo inteligente de ahorro de energ\u00eda.<\/p>\n<p>Para asegurarse de que los ajustes predeterminados del MIUI no afectan el rendimiento de la app Rastreador X-GPS (acceso a la ubicaci\u00f3n y operaciones en segundo plano) se recomienda habilitar algunas configuraciones b\u00e1sicas.<\/p>\n<p>[\/vc_column_text][vc_column_text]<\/p>\n<h2>Configuraci\u00f3n b\u00e1sica<\/h2>\n<p>[\/vc_column_text][vc_column_text el_class=&#8221;ancor-list&#8221;]<\/p>\n<ul>\n<li><a href=\"settings\/#autorun\">Inicio autom\u00e1tico<\/a><\/li>\n<li><a href=\"settings\/#run-in-background\">Ejecuci\u00f3n en segundo plano<\/a><\/li>\n<li><a href=\"settings\/#network\">Conexi\u00f3n a redes<\/a><\/li>\n<li><a href=\"settings\/#control\">Ahorrador de bater\u00eda<\/a><\/li>\n<li><a href=\"settings\/#access-to-location\">Ubicaci\u00f3n y almacenamiento<\/a><\/li>\n<\/ul>\n<p>Despu\u00e9s de instalar la aplicaci\u00f3n, se recomienda ajustar las siguientes configuraciones b\u00e1sicas, para dar el acceso y los permisos de la aplicaci\u00f3n.<\/p>\n<p>[\/vc_column_text][vc_column_text el_class=&#8221;ancor-list&#8221;]<\/p>\n<h2>Recomendaciones generales<\/h2>\n<ul>\n<li><a href=\"recommendations\/#usage-tips\">Consejos de uso<\/a><\/li>\n<li><a href=\"recommendations\/#faq\">Preguntas m\u00e1s frecuentes<\/a><\/li>\n<\/ul>\n<p>[\/vc_column_text][\/vc_column][\/vc_row]<\/p>\n","protected":false},"excerpt":{"rendered":"<p>[vc_row][vc_column][vc_column_text] A continuaci\u00f3n le mostraremos c\u00f3mo configurar los ajustes de la capa de personalizaci\u00f3n MIUI en los dispositivos de Xiaomi, para un \u00f3ptimo funcionamiento de la app Rastreador X-GPS. [\/vc_column_text][vc_column_text el_class=&#8221;info-blockquote&#8221;] Los dispositivos m\u00f3viles de Xiaomi operan con su propia capa de personalizaci\u00f3n, llamada MIUI con sistema Android. La capa de personalizaci\u00f3n ofrece una interfaz [&hellip;]<\/p>\n","protected":false},"author":5,"featured_media":0,"parent":758,"menu_order":0,"comment_status":"closed","ping_status":"closed","template":"page-help.php","meta":{"inline_featured_image":false,"footnotes":""},"class_list":["post-1286","page","type-page","status-publish","hentry"],"yoast_head":"<!-- This site is optimized with the Yoast SEO plugin v27.2 - https:\/\/yoast.com\/product\/yoast-seo-wordpress\/ -->\n<title>Xiaomi &#8212; X-GPS<\/title>\n<meta name=\"description\" content=\"A continuaci\u00f3n le mostraremos c\u00f3mo configurar los ajustes de la capa de personalizaci\u00f3n MIUI en los dispositivos de Xiaomi, para un \u00f3ptimo funcionamiento de la app Rastreador X-GPS\" \/>\n<meta name=\"robots\" content=\"index, follow, max-snippet:-1, max-image-preview:large, max-video-preview:-1\" \/>\n<link rel=\"canonical\" href=\"https:\/\/x-gps.app\/es\/help\/tracker\/xiaomi\/\" \/>\n<meta property=\"og:locale\" content=\"es_ES\" \/>\n<meta property=\"og:type\" content=\"article\" \/>\n<meta property=\"og:title\" content=\"Xiaomi &#8212; X-GPS\" \/>\n<meta property=\"og:description\" content=\"A continuaci\u00f3n le mostraremos c\u00f3mo configurar los ajustes de la capa de personalizaci\u00f3n MIUI en los dispositivos de Xiaomi, para un \u00f3ptimo funcionamiento de la app Rastreador X-GPS\" \/>\n<meta property=\"og:url\" content=\"https:\/\/x-gps.app\/es\/help\/tracker\/xiaomi\/\" \/>\n<meta property=\"og:site_name\" content=\"X-GPS\" \/>\n<meta property=\"article:modified_time\" content=\"2019-03-14T13:15:54+00:00\" \/>\n<meta name=\"twitter:card\" content=\"summary_large_image\" \/>\n<meta name=\"twitter:label1\" content=\"Tiempo de lectura\" \/>\n\t<meta name=\"twitter:data1\" content=\"1 minuto\" \/>\n<script type=\"application\/ld+json\" class=\"yoast-schema-graph\">{\"@context\":\"https:\/\/schema.org\",\"@graph\":[{\"@type\":\"WebPage\",\"@id\":\"https:\/\/x-gps.app\/es\/help\/tracker\/xiaomi\/\",\"url\":\"https:\/\/x-gps.app\/es\/help\/tracker\/xiaomi\/\",\"name\":\"Xiaomi &#8212; X-GPS\",\"isPartOf\":{\"@id\":\"https:\/\/x-gps.app\/es\/#website\"},\"datePublished\":\"2019-02-04T13:23:53+00:00\",\"dateModified\":\"2019-03-14T13:15:54+00:00\",\"description\":\"A continuaci\u00f3n le mostraremos c\u00f3mo configurar los ajustes de la capa de personalizaci\u00f3n MIUI en los dispositivos de Xiaomi, para un \u00f3ptimo funcionamiento de la app Rastreador X-GPS\",\"breadcrumb\":{\"@id\":\"https:\/\/x-gps.app\/es\/help\/tracker\/xiaomi\/#breadcrumb\"},\"inLanguage\":\"es\",\"potentialAction\":[{\"@type\":\"ReadAction\",\"target\":[\"https:\/\/x-gps.app\/es\/help\/tracker\/xiaomi\/\"]}]},{\"@type\":\"BreadcrumbList\",\"@id\":\"https:\/\/x-gps.app\/es\/help\/tracker\/xiaomi\/#breadcrumb\",\"itemListElement\":[{\"@type\":\"ListItem\",\"position\":1,\"name\":\"\u0413\u043b\u0430\u0432\u043d\u0430\u044f \u0441\u0442\u0440\u0430\u043d\u0438\u0446\u0430\",\"item\":\"https:\/\/x-gps.app\/es\/\"},{\"@type\":\"ListItem\",\"position\":2,\"name\":\"Documentos\",\"item\":\"https:\/\/x-gps.app\/es\/help\/\"},{\"@type\":\"ListItem\",\"position\":3,\"name\":\"Tracker\",\"item\":\"https:\/\/x-gps.app\/es\/help\/tracker\/\"},{\"@type\":\"ListItem\",\"position\":4,\"name\":\"Xiaomi\"}]},{\"@type\":\"WebSite\",\"@id\":\"https:\/\/x-gps.app\/es\/#website\",\"url\":\"https:\/\/x-gps.app\/es\/\",\"name\":\"X-GPS\",\"description\":\"\",\"potentialAction\":[{\"@type\":\"SearchAction\",\"target\":{\"@type\":\"EntryPoint\",\"urlTemplate\":\"https:\/\/x-gps.app\/es\/?s={search_term_string}\"},\"query-input\":{\"@type\":\"PropertyValueSpecification\",\"valueRequired\":true,\"valueName\":\"search_term_string\"}}],\"inLanguage\":\"es\"}]}<\/script>\n<!-- \/ Yoast SEO plugin. -->","yoast_head_json":{"title":"Xiaomi &#8212; X-GPS","description":"A continuaci\u00f3n le mostraremos c\u00f3mo configurar los ajustes de la capa de personalizaci\u00f3n MIUI en los dispositivos de Xiaomi, para un \u00f3ptimo funcionamiento de la app Rastreador X-GPS","robots":{"index":"index","follow":"follow","max-snippet":"max-snippet:-1","max-image-preview":"max-image-preview:large","max-video-preview":"max-video-preview:-1"},"canonical":"https:\/\/x-gps.app\/es\/help\/tracker\/xiaomi\/","og_locale":"es_ES","og_type":"article","og_title":"Xiaomi &#8212; X-GPS","og_description":"A continuaci\u00f3n le mostraremos c\u00f3mo configurar los ajustes de la capa de personalizaci\u00f3n MIUI en los dispositivos de Xiaomi, para un \u00f3ptimo funcionamiento de la app Rastreador X-GPS","og_url":"https:\/\/x-gps.app\/es\/help\/tracker\/xiaomi\/","og_site_name":"X-GPS","article_modified_time":"2019-03-14T13:15:54+00:00","twitter_card":"summary_large_image","twitter_misc":{"Tiempo de lectura":"1 minuto"},"schema":{"@context":"https:\/\/schema.org","@graph":[{"@type":"WebPage","@id":"https:\/\/x-gps.app\/es\/help\/tracker\/xiaomi\/","url":"https:\/\/x-gps.app\/es\/help\/tracker\/xiaomi\/","name":"Xiaomi &#8212; X-GPS","isPartOf":{"@id":"https:\/\/x-gps.app\/es\/#website"},"datePublished":"2019-02-04T13:23:53+00:00","dateModified":"2019-03-14T13:15:54+00:00","description":"A continuaci\u00f3n le mostraremos c\u00f3mo configurar los ajustes de la capa de personalizaci\u00f3n MIUI en los dispositivos de Xiaomi, para un \u00f3ptimo funcionamiento de la app Rastreador X-GPS","breadcrumb":{"@id":"https:\/\/x-gps.app\/es\/help\/tracker\/xiaomi\/#breadcrumb"},"inLanguage":"es","potentialAction":[{"@type":"ReadAction","target":["https:\/\/x-gps.app\/es\/help\/tracker\/xiaomi\/"]}]},{"@type":"BreadcrumbList","@id":"https:\/\/x-gps.app\/es\/help\/tracker\/xiaomi\/#breadcrumb","itemListElement":[{"@type":"ListItem","position":1,"name":"\u0413\u043b\u0430\u0432\u043d\u0430\u044f \u0441\u0442\u0440\u0430\u043d\u0438\u0446\u0430","item":"https:\/\/x-gps.app\/es\/"},{"@type":"ListItem","position":2,"name":"Documentos","item":"https:\/\/x-gps.app\/es\/help\/"},{"@type":"ListItem","position":3,"name":"Tracker","item":"https:\/\/x-gps.app\/es\/help\/tracker\/"},{"@type":"ListItem","position":4,"name":"Xiaomi"}]},{"@type":"WebSite","@id":"https:\/\/x-gps.app\/es\/#website","url":"https:\/\/x-gps.app\/es\/","name":"X-GPS","description":"","potentialAction":[{"@type":"SearchAction","target":{"@type":"EntryPoint","urlTemplate":"https:\/\/x-gps.app\/es\/?s={search_term_string}"},"query-input":{"@type":"PropertyValueSpecification","valueRequired":true,"valueName":"search_term_string"}}],"inLanguage":"es"}]}},"_links":{"self":[{"href":"https:\/\/x-gps.app\/es\/wp-json\/wp\/v2\/pages\/1286","targetHints":{"allow":["GET"]}}],"collection":[{"href":"https:\/\/x-gps.app\/es\/wp-json\/wp\/v2\/pages"}],"about":[{"href":"https:\/\/x-gps.app\/es\/wp-json\/wp\/v2\/types\/page"}],"author":[{"embeddable":true,"href":"https:\/\/x-gps.app\/es\/wp-json\/wp\/v2\/users\/5"}],"replies":[{"embeddable":true,"href":"https:\/\/x-gps.app\/es\/wp-json\/wp\/v2\/comments?post=1286"}],"version-history":[{"count":2,"href":"https:\/\/x-gps.app\/es\/wp-json\/wp\/v2\/pages\/1286\/revisions"}],"predecessor-version":[{"id":1288,"href":"https:\/\/x-gps.app\/es\/wp-json\/wp\/v2\/pages\/1286\/revisions\/1288"}],"up":[{"embeddable":true,"href":"https:\/\/x-gps.app\/es\/wp-json\/wp\/v2\/pages\/758"}],"wp:attachment":[{"href":"https:\/\/x-gps.app\/es\/wp-json\/wp\/v2\/media?parent=1286"}],"curies":[{"name":"wp","href":"https:\/\/api.w.org\/{rel}","templated":true}]}}