{"id":1250,"date":"2019-02-05T05:20:46","date_gmt":"2019-02-05T05:20:46","guid":{"rendered":"https:\/\/x-gps.app\/help\/tracker\/huawei\/recommendations\/"},"modified":"2019-05-23T07:12:14","modified_gmt":"2019-05-23T07:12:14","slug":"recommendations","status":"publish","type":"page","link":"https:\/\/x-gps.app\/es\/help\/tracker\/huawei\/recommendations\/","title":{"rendered":"Huawei: Consejos de uso"},"content":{"rendered":"<p>[vc_row el_id=&#8221;usage-tips&#8221;][vc_column][vc_column_text]<\/p>\n<h2>Configuraci\u00f3n r\u00e1pida en el Panel de Notificaciones<\/h2>\n<p>[\/vc_column_text][vc_column_text]<\/p>\n<p>En el panel de notificaciones puede acceder r\u00e1pidamente para cambiar los modos de operaci\u00f3n de su tel\u00e9fono inteligente o tableta. El Panel se encuentra en la parte superior de la pantalla de su dispositivo m\u00f3vil. Para acceder al Panel, deslice el dedo desde la parte superior a la parte inferior de la pantalla.<\/p>\n<p>[\/vc_column_text][vc_single_image image=&#8221;1340&#8243; img_size=&#8221;full&#8221; alignment=&#8221;center&#8221; style=&#8221;vc_box_border&#8221;][vc_column_text]<\/p>\n<p>En la siguiente tabla encontrar\u00e1 algunas recomendaciones para que la aplicaci\u00f3n funcione correctamente:<\/p>\n<p>[\/vc_column_text][vc_column_text el_class=&#8221;table-responsive&#8221;]<\/p>\n<table>\n<tbody>\n<tr>\n<td><img loading=\"lazy\" decoding=\"async\" class=\"phone_icons alignnone wp-image-324 size-full\" src=\"https:\/\/x-gps.app\/wp-content\/uploads\/2019\/02\/huawei-icon-data.jpg\" alt=\"huawei-icon-data\" width=\"130\" height=\"130\" \/><\/td>\n<td><strong>Datos m\u00f3viles<\/strong><\/td>\n<td><strong>On<\/strong><br \/>\nNecesario<\/td>\n<td>Es necesario que est\u00e9 activada y disponible la conexi\u00f3n a datos m\u00f3viles. Si esta conexi\u00f3n no est\u00e1 disponible, la app no puede funcionar correctamente y sincronizar los datos con el servidor en l\u00ednea<\/td>\n<\/tr>\n<tr>\n<td><img loading=\"lazy\" decoding=\"async\" class=\"phone_icons alignnone wp-image-327 size-full\" src=\"https:\/\/x-gps.app\/wp-content\/uploads\/2019\/02\/huawei-icon-geo.jpg\" alt=\"huawei-icon-geo\" width=\"130\" height=\"130\" \/><\/td>\n<td><strong>Ubicaci\u00f3n<\/strong><\/td>\n<td><strong>On<\/strong><br \/>\nNecesario<\/td>\n<td>Para determinar la ubicaci\u00f3n, es necesario habilitar el acceso a los geodatos<\/td>\n<\/tr>\n<tr>\n<td><img loading=\"lazy\" decoding=\"async\" class=\"phone_icons alignnone wp-image-336 size-full\" src=\"https:\/\/x-gps.app\/wp-content\/uploads\/2019\/02\/huawei-icon-air.jpg\" alt=\"huawei-icon-air\" width=\"130\" height=\"130\" \/><\/td>\n<td><strong>Avi\u00f3n<\/strong><\/td>\n<td><strong>Off<\/strong><br \/>\nGeneralmente<\/td>\n<td>Como regla general, la activaci\u00f3n de este modo puede resultar en la restricci\u00f3n de acceso a los geodatos e Internet<\/td>\n<\/tr>\n<tr>\n<td><img loading=\"lazy\" decoding=\"async\" class=\"phone_icons alignnone wp-image-330 size-full\" src=\"https:\/\/x-gps.app\/wp-content\/uploads\/2019\/02\/huawei-icon-wifi.jpg\" alt=\"huawei-icon-wifi\" width=\"130\" height=\"130\" \/><\/td>\n<td><strong>WiFi<\/strong><\/td>\n<td><strong>On<\/strong><br \/>\nRecomendado<\/td>\n<td>Se recomienda activar el m\u00f3dulo WiFi para una localizaci\u00f3n r\u00e1pida y eficiente en entornos urbanos externos e internos<\/td>\n<\/tr>\n<tr>\n<td><img loading=\"lazy\" decoding=\"async\" class=\"phone_icons alignnone wp-image-321 size-full\" src=\"https:\/\/x-gps.app\/wp-content\/uploads\/2019\/02\/huawei-icon-bt.jpg\" alt=\"huawei-icon-bt\" width=\"130\" height=\"130\" \/><\/td>\n<td><strong>Bluetooth<\/strong><\/td>\n<td><strong>On<\/strong><br \/>\nRecomendado<\/td>\n<td>Se recomienda activar el Bluetooth para una localizaci\u00f3n r\u00e1pida y eficiente en entornos urbanos externos e internos<\/td>\n<\/tr>\n<\/tbody>\n<\/table>\n<p>[\/vc_column_text][vc_column_text el_class=&#8221;info-blockquote&#8221;]<\/p>\n<p><strong>Fuentes de geodatos en el X-GPS<\/strong><\/p>\n<p>Para determinar las ubicaciones, la app Rastreador X-GPS utiliza navegaci\u00f3n satelital GPS o GLONASS. As\u00ed como formas alternativas de localizaci\u00f3n, por ejemplo, estaciones celulares y puntos de acceso Wi-Fi.<\/p>\n<p>La aplicaci\u00f3n es compatible con algoritmos inteligentes de ahorro de energ\u00eda. Adem\u00e1s, las configuraciones especiales permiten a los usuarios obtener la precisi\u00f3n deseada con un m\u00ednimo consumo de bater\u00eda, al caminar o conducir.<\/p>\n<p>[\/vc_column_text][\/vc_column][\/vc_row][vc_row el_id=&#8221;location-accuracy&#8221;][vc_column][vc_column_text]<\/p>\n<h2>\u00bfC\u00f3mo mejorar la precisi\u00f3n de la ubicaci\u00f3n?<\/h2>\n<p>Aseg\u00farese de activar el modo de Alta Precisi\u00f3n que le permitir\u00e1 usar todas las redes disponibles con la m\u00e1xima precisi\u00f3n. Para habilitarlo, abra los Ajustes de su dispositivo \u2192 Seguridad y privacidad \u2192 Acceso a la ubicaci\u00f3n \u2192 Deslice el interruptor a la derecha \u2192 Utilizar redes m\u00f3viles, Wi-Fi y GPS.<\/p>\n<p>[\/vc_column_text][vc_row_inner][vc_column_inner width=&#8221;1\/2&#8243;][vc_single_image image=&#8221;1806&#8243; img_size=&#8221;full&#8221; alignment=&#8221;center&#8221; style=&#8221;vc_box_border&#8221;][\/vc_column_inner][vc_column_inner width=&#8221;1\/2&#8243;][vc_single_image image=&#8221;1809&#8243; img_size=&#8221;full&#8221; alignment=&#8221;center&#8221; style=&#8221;vc_box_border&#8221;][\/vc_column_inner][\/vc_row_inner][vc_row_inner][vc_column_inner][vc_single_image image=&#8221;1812&#8243; img_size=&#8221;full&#8221; alignment=&#8221;center&#8221; style=&#8221;vc_box_border&#8221;][\/vc_column_inner][\/vc_row_inner][\/vc_column][\/vc_row][vc_row el_id=&#8221;dop&#8221;][vc_column][vc_column_text]<\/p>\n<h2>Configuraciones adicionales para ciertos modelos de dispositivos<\/h2>\n<p>[\/vc_column_text][vc_column_text]<\/p>\n<p>Para algunos dispositivos (por ejemplo, Huawei P9 y Huawei P9 Plus) existe una configuraci\u00f3n adicional de optimizaci\u00f3n de bater\u00eda que necesita modificarse a \u201cpermitir\u201d para que el control por geolocalizaci\u00f3n funcione de manera \u00f3ptima. Es decir, en caso de que usted deje de recibir actualizaciones de la ubicaci\u00f3n 15 o 20 minutos despu\u00e9s de bloquear la pantalla, le recomendamos seguir los siguientes pasos: Vaya a los Ajustes \u2192 Aplicaciones y notificaciones \u2192 Aplicaciones \u2192 Configuraci\u00f3n \u2192 Acceso especial \u2192 Omisi\u00f3n de optimizaciones de bater\u00eda\u2192 Todas las aplicaciones \u2192 Rastreador X-GPS \u2192 Permitir.<\/p>\n<p>[\/vc_column_text][vc_row_inner][vc_column_inner width=&#8221;1\/2&#8243;][vc_single_image image=&#8221;1308&#8243; img_size=&#8221;full&#8221; alignment=&#8221;center&#8221; style=&#8221;vc_box_border&#8221;][\/vc_column_inner][vc_column_inner width=&#8221;1\/2&#8243;][vc_single_image image=&#8221;1311&#8243; img_size=&#8221;full&#8221; alignment=&#8221;center&#8221; style=&#8221;vc_box_border&#8221;][\/vc_column_inner][\/vc_row_inner][vc_row_inner][vc_column_inner width=&#8221;1\/2&#8243;][vc_single_image image=&#8221;1343&#8243; img_size=&#8221;full&#8221; alignment=&#8221;center&#8221; style=&#8221;vc_box_border&#8221;][\/vc_column_inner][vc_column_inner width=&#8221;1\/2&#8243;][vc_single_image image=&#8221;1346&#8243; img_size=&#8221;full&#8221; alignment=&#8221;center&#8221; style=&#8221;vc_box_border&#8221;][\/vc_column_inner][\/vc_row_inner][vc_row_inner][vc_column_inner width=&#8221;1\/2&#8243;][vc_single_image image=&#8221;1349&#8243; img_size=&#8221;full&#8221; alignment=&#8221;center&#8221; style=&#8221;vc_box_border&#8221;][\/vc_column_inner][vc_column_inner width=&#8221;1\/2&#8243;][vc_single_image image=&#8221;1352&#8243; img_size=&#8221;full&#8221; alignment=&#8221;center&#8221; style=&#8221;vc_box_border&#8221;][\/vc_column_inner][\/vc_row_inner][vc_row_inner][vc_column_inner width=&#8221;1\/2&#8243;][vc_single_image image=&#8221;1355&#8243; img_size=&#8221;full&#8221; alignment=&#8221;center&#8221; style=&#8221;vc_box_border&#8221;][\/vc_column_inner][vc_column_inner width=&#8221;1\/2&#8243;][vc_single_image image=&#8221;1358&#8243; img_size=&#8221;full&#8221; alignment=&#8221;center&#8221; style=&#8221;vc_box_border&#8221;][\/vc_column_inner][\/vc_row_inner][\/vc_column][\/vc_row][vc_row el_id=&#8221;faq&#8221;][vc_column][vc_column_text]<\/p>\n<h2>Preguntas Frecuentes<\/h2>\r\n<p>A continuaci\u00f3n, encontrar\u00e1 las respuestas a las preguntas m\u00e1s recurrentes sobre el uso de la app Rastreador X-GPS en los dispositivos de Huawei.<\/p>\r\n<p>[vc_tta_accordion c_icon=\"chevron\" active_section=\"\" collapsible_all=\"true\"][vc_tta_section title=\"\u00bfSe puede ejecutar la aplicaci\u00f3n en segundo plano?\" tab_id=\"workbg\"][vc_column_text]<\/p>\r\n<p>S\u00ed, la aplicaci\u00f3n puede funcionar en segundo plano cuando se han realizado las configuraciones necesarias en el dispositivo.<\/p>\r\n<p>[\/vc_column_text][\/vc_tta_section][\/vc_tta_accordion] [vc_tta_accordion c_icon=\"chevron\" active_section=\"\" collapsible_all=\"true\"][vc_tta_section title=\"\u00bfPuedo restringir a los usuarios cerrar al app?\" tab_id=\"appoff\"][vc_column_text]<\/p>\r\n<p>No, nosotros no permitimos establecer restricciones de este tipo, ya que esto va en contra de la pol\u00edtica del fabricante del hardware y el sistema operativo.<\/p>\r\n<p>[\/vc_column_text][\/vc_tta_section][\/vc_tta_accordion] [vc_tta_accordion c_icon=\"chevron\" active_section=\"\" collapsible_all=\"true\"][vc_tta_section title=\"\u00bfHay un arranque autom\u00e1tico despu\u00e9s de reiniciar?\" tab_id=\"autorun\"][vc_column_text]<\/p>\r\n<p>S\u00ed, la aplicaci\u00f3n se iniciar\u00e1 autom\u00e1ticamente despu\u00e9s del reinicio del dispositivo. Siempre y cuando haya estado activada antes del cierre y est\u00e9 habilitada la funci\u00f3n de segundo plano. Esto significa que el usuario no tendr\u00e1 que volver a abrir y ejecutarla de nuevo.<\/p>\r\n<p>[\/vc_column_text][\/vc_tta_section][\/vc_tta_accordion] [vc_tta_accordion c_icon=\"chevron\" active_section=\"\" collapsible_all=\"true\"][vc_tta_section title=\"\u00bfPuede funcionar la aplicaci\u00f3n en modo inc\u00f3gnito?\" tab_id=\"hiderun\"][vc_column_text]<\/p>\r\n<p>De ninguna manera. La vigilancia oculta es ilegal en la mayor\u00eda de los pa\u00edses, y no forma parte de nuestra \u00e9tica empresarial. El usuario siempre tendr\u00e1 el control sobre la activaci\u00f3n de la aplicaci\u00f3n X-GPS. Esta estar\u00e1 visible en las notificaciones y en el administrador de la aplicaci\u00f3n.<\/p>\r\n<p>[\/vc_column_text][\/vc_tta_section] [\/vc_tta_accordion]<\/p>\n<p>[\/vc_column_text][\/vc_column][\/vc_row]<\/p>\n","protected":false},"excerpt":{"rendered":"<p>[vc_row el_id=&#8221;usage-tips&#8221;][vc_column][vc_column_text] Configuraci\u00f3n r\u00e1pida en el Panel de Notificaciones [\/vc_column_text][vc_column_text] En el panel de notificaciones puede acceder r\u00e1pidamente para cambiar los modos de operaci\u00f3n de su tel\u00e9fono inteligente o tableta. El Panel se encuentra en la parte superior de la pantalla de su dispositivo m\u00f3vil. Para acceder al Panel, deslice el dedo desde la parte [&hellip;]<\/p>\n","protected":false},"author":5,"featured_media":0,"parent":1237,"menu_order":0,"comment_status":"closed","ping_status":"closed","template":"page-help.php","meta":{"inline_featured_image":false,"footnotes":""},"class_list":["post-1250","page","type-page","status-publish","hentry"],"yoast_head":"<!-- This site is optimized with the Yoast SEO plugin v27.2 - https:\/\/yoast.com\/product\/yoast-seo-wordpress\/ -->\n<title>Huawei: Consejos de uso &#8212; X-GPS<\/title>\n<meta name=\"description\" content=\"En la siguiente tabla encontrar\u00e1 algunas recomendaciones para que la aplicaci\u00f3n funcione correctamente\" \/>\n<meta name=\"robots\" content=\"index, follow, max-snippet:-1, max-image-preview:large, max-video-preview:-1\" \/>\n<link rel=\"canonical\" href=\"https:\/\/x-gps.app\/es\/help\/tracker\/huawei\/recommendations\/\" \/>\n<meta property=\"og:locale\" content=\"es_ES\" \/>\n<meta property=\"og:type\" content=\"article\" \/>\n<meta property=\"og:title\" content=\"Huawei: Consejos de uso &#8212; X-GPS\" \/>\n<meta property=\"og:description\" content=\"En la siguiente tabla encontrar\u00e1 algunas recomendaciones para que la aplicaci\u00f3n funcione correctamente\" \/>\n<meta property=\"og:url\" content=\"https:\/\/x-gps.app\/es\/help\/tracker\/huawei\/recommendations\/\" \/>\n<meta property=\"og:site_name\" content=\"X-GPS\" \/>\n<meta property=\"article:modified_time\" content=\"2019-05-23T07:12:14+00:00\" \/>\n<meta property=\"og:image\" content=\"https:\/\/x-gps.app\/wp-content\/uploads\/2019\/02\/huawei-icon-data.jpg\" \/>\n<meta name=\"twitter:card\" content=\"summary_large_image\" \/>\n<meta name=\"twitter:label1\" content=\"Tiempo de lectura\" \/>\n\t<meta name=\"twitter:data1\" content=\"4 minutos\" \/>\n<script type=\"application\/ld+json\" class=\"yoast-schema-graph\">{\"@context\":\"https:\/\/schema.org\",\"@graph\":[{\"@type\":\"WebPage\",\"@id\":\"https:\/\/x-gps.app\/es\/help\/tracker\/huawei\/recommendations\/\",\"url\":\"https:\/\/x-gps.app\/es\/help\/tracker\/huawei\/recommendations\/\",\"name\":\"Huawei: Consejos de uso &#8212; X-GPS\",\"isPartOf\":{\"@id\":\"https:\/\/x-gps.app\/es\/#website\"},\"primaryImageOfPage\":{\"@id\":\"https:\/\/x-gps.app\/es\/help\/tracker\/huawei\/recommendations\/#primaryimage\"},\"image\":{\"@id\":\"https:\/\/x-gps.app\/es\/help\/tracker\/huawei\/recommendations\/#primaryimage\"},\"thumbnailUrl\":\"https:\/\/x-gps.app\/wp-content\/uploads\/2019\/02\/huawei-icon-data.jpg\",\"datePublished\":\"2019-02-05T05:20:46+00:00\",\"dateModified\":\"2019-05-23T07:12:14+00:00\",\"description\":\"En la siguiente tabla encontrar\u00e1 algunas recomendaciones para que la aplicaci\u00f3n funcione correctamente\",\"breadcrumb\":{\"@id\":\"https:\/\/x-gps.app\/es\/help\/tracker\/huawei\/recommendations\/#breadcrumb\"},\"inLanguage\":\"es\",\"potentialAction\":[{\"@type\":\"ReadAction\",\"target\":[\"https:\/\/x-gps.app\/es\/help\/tracker\/huawei\/recommendations\/\"]}]},{\"@type\":\"ImageObject\",\"inLanguage\":\"es\",\"@id\":\"https:\/\/x-gps.app\/es\/help\/tracker\/huawei\/recommendations\/#primaryimage\",\"url\":\"https:\/\/x-gps.app\/wp-content\/uploads\/2019\/02\/huawei-icon-data.jpg\",\"contentUrl\":\"https:\/\/x-gps.app\/wp-content\/uploads\/2019\/02\/huawei-icon-data.jpg\"},{\"@type\":\"BreadcrumbList\",\"@id\":\"https:\/\/x-gps.app\/es\/help\/tracker\/huawei\/recommendations\/#breadcrumb\",\"itemListElement\":[{\"@type\":\"ListItem\",\"position\":1,\"name\":\"\u0413\u043b\u0430\u0432\u043d\u0430\u044f \u0441\u0442\u0440\u0430\u043d\u0438\u0446\u0430\",\"item\":\"https:\/\/x-gps.app\/es\/\"},{\"@type\":\"ListItem\",\"position\":2,\"name\":\"Documentos\",\"item\":\"https:\/\/x-gps.app\/es\/help\/\"},{\"@type\":\"ListItem\",\"position\":3,\"name\":\"Tracker\",\"item\":\"https:\/\/x-gps.app\/es\/help\/tracker\/\"},{\"@type\":\"ListItem\",\"position\":4,\"name\":\"Huawei\",\"item\":\"https:\/\/x-gps.app\/es\/help\/tracker\/huawei\/\"},{\"@type\":\"ListItem\",\"position\":5,\"name\":\"Huawei: Consejos de uso\"}]},{\"@type\":\"WebSite\",\"@id\":\"https:\/\/x-gps.app\/es\/#website\",\"url\":\"https:\/\/x-gps.app\/es\/\",\"name\":\"X-GPS\",\"description\":\"\",\"potentialAction\":[{\"@type\":\"SearchAction\",\"target\":{\"@type\":\"EntryPoint\",\"urlTemplate\":\"https:\/\/x-gps.app\/es\/?s={search_term_string}\"},\"query-input\":{\"@type\":\"PropertyValueSpecification\",\"valueRequired\":true,\"valueName\":\"search_term_string\"}}],\"inLanguage\":\"es\"}]}<\/script>\n<!-- \/ Yoast SEO plugin. -->","yoast_head_json":{"title":"Huawei: Consejos de uso &#8212; X-GPS","description":"En la siguiente tabla encontrar\u00e1 algunas recomendaciones para que la aplicaci\u00f3n funcione correctamente","robots":{"index":"index","follow":"follow","max-snippet":"max-snippet:-1","max-image-preview":"max-image-preview:large","max-video-preview":"max-video-preview:-1"},"canonical":"https:\/\/x-gps.app\/es\/help\/tracker\/huawei\/recommendations\/","og_locale":"es_ES","og_type":"article","og_title":"Huawei: Consejos de uso &#8212; X-GPS","og_description":"En la siguiente tabla encontrar\u00e1 algunas recomendaciones para que la aplicaci\u00f3n funcione correctamente","og_url":"https:\/\/x-gps.app\/es\/help\/tracker\/huawei\/recommendations\/","og_site_name":"X-GPS","article_modified_time":"2019-05-23T07:12:14+00:00","og_image":[{"url":"https:\/\/x-gps.app\/wp-content\/uploads\/2019\/02\/huawei-icon-data.jpg","type":"","width":"","height":""}],"twitter_card":"summary_large_image","twitter_misc":{"Tiempo de lectura":"4 minutos"},"schema":{"@context":"https:\/\/schema.org","@graph":[{"@type":"WebPage","@id":"https:\/\/x-gps.app\/es\/help\/tracker\/huawei\/recommendations\/","url":"https:\/\/x-gps.app\/es\/help\/tracker\/huawei\/recommendations\/","name":"Huawei: Consejos de uso &#8212; X-GPS","isPartOf":{"@id":"https:\/\/x-gps.app\/es\/#website"},"primaryImageOfPage":{"@id":"https:\/\/x-gps.app\/es\/help\/tracker\/huawei\/recommendations\/#primaryimage"},"image":{"@id":"https:\/\/x-gps.app\/es\/help\/tracker\/huawei\/recommendations\/#primaryimage"},"thumbnailUrl":"https:\/\/x-gps.app\/wp-content\/uploads\/2019\/02\/huawei-icon-data.jpg","datePublished":"2019-02-05T05:20:46+00:00","dateModified":"2019-05-23T07:12:14+00:00","description":"En la siguiente tabla encontrar\u00e1 algunas recomendaciones para que la aplicaci\u00f3n funcione correctamente","breadcrumb":{"@id":"https:\/\/x-gps.app\/es\/help\/tracker\/huawei\/recommendations\/#breadcrumb"},"inLanguage":"es","potentialAction":[{"@type":"ReadAction","target":["https:\/\/x-gps.app\/es\/help\/tracker\/huawei\/recommendations\/"]}]},{"@type":"ImageObject","inLanguage":"es","@id":"https:\/\/x-gps.app\/es\/help\/tracker\/huawei\/recommendations\/#primaryimage","url":"https:\/\/x-gps.app\/wp-content\/uploads\/2019\/02\/huawei-icon-data.jpg","contentUrl":"https:\/\/x-gps.app\/wp-content\/uploads\/2019\/02\/huawei-icon-data.jpg"},{"@type":"BreadcrumbList","@id":"https:\/\/x-gps.app\/es\/help\/tracker\/huawei\/recommendations\/#breadcrumb","itemListElement":[{"@type":"ListItem","position":1,"name":"\u0413\u043b\u0430\u0432\u043d\u0430\u044f \u0441\u0442\u0440\u0430\u043d\u0438\u0446\u0430","item":"https:\/\/x-gps.app\/es\/"},{"@type":"ListItem","position":2,"name":"Documentos","item":"https:\/\/x-gps.app\/es\/help\/"},{"@type":"ListItem","position":3,"name":"Tracker","item":"https:\/\/x-gps.app\/es\/help\/tracker\/"},{"@type":"ListItem","position":4,"name":"Huawei","item":"https:\/\/x-gps.app\/es\/help\/tracker\/huawei\/"},{"@type":"ListItem","position":5,"name":"Huawei: Consejos de uso"}]},{"@type":"WebSite","@id":"https:\/\/x-gps.app\/es\/#website","url":"https:\/\/x-gps.app\/es\/","name":"X-GPS","description":"","potentialAction":[{"@type":"SearchAction","target":{"@type":"EntryPoint","urlTemplate":"https:\/\/x-gps.app\/es\/?s={search_term_string}"},"query-input":{"@type":"PropertyValueSpecification","valueRequired":true,"valueName":"search_term_string"}}],"inLanguage":"es"}]}},"_links":{"self":[{"href":"https:\/\/x-gps.app\/es\/wp-json\/wp\/v2\/pages\/1250","targetHints":{"allow":["GET"]}}],"collection":[{"href":"https:\/\/x-gps.app\/es\/wp-json\/wp\/v2\/pages"}],"about":[{"href":"https:\/\/x-gps.app\/es\/wp-json\/wp\/v2\/types\/page"}],"author":[{"embeddable":true,"href":"https:\/\/x-gps.app\/es\/wp-json\/wp\/v2\/users\/5"}],"replies":[{"embeddable":true,"href":"https:\/\/x-gps.app\/es\/wp-json\/wp\/v2\/comments?post=1250"}],"version-history":[{"count":5,"href":"https:\/\/x-gps.app\/es\/wp-json\/wp\/v2\/pages\/1250\/revisions"}],"predecessor-version":[{"id":1815,"href":"https:\/\/x-gps.app\/es\/wp-json\/wp\/v2\/pages\/1250\/revisions\/1815"}],"up":[{"embeddable":true,"href":"https:\/\/x-gps.app\/es\/wp-json\/wp\/v2\/pages\/1237"}],"wp:attachment":[{"href":"https:\/\/x-gps.app\/es\/wp-json\/wp\/v2\/media?parent=1250"}],"curies":[{"name":"wp","href":"https:\/\/api.w.org\/{rel}","templated":true}]}}