{"id":1194,"date":"2019-02-05T05:58:29","date_gmt":"2019-02-05T05:58:29","guid":{"rendered":"https:\/\/x-gps.app\/help\/tracker\/apple\/settings\/"},"modified":"2019-03-14T11:50:40","modified_gmt":"2019-03-14T11:50:40","slug":"settings","status":"publish","type":"page","link":"https:\/\/x-gps.app\/es\/help\/tracker\/apple\/settings\/","title":{"rendered":"Apple: Configuraci\u00f3n b\u00e1sica"},"content":{"rendered":"<p>[vc_row][vc_column][vc_column_text el_class=&#8221;ancor-list&#8221;]<\/p>\n<ul>\n<li><a href=\"#mobile-data\">Uso de datos m\u00f3viles<\/a><\/li>\n<li><a href=\"#notifications\">Notificaciones<\/a><\/li>\n<li><a href=\"#access-to-location\">Acceso a la ubicaci\u00f3n<\/a><\/li>\n<\/ul>\n<p>[\/vc_column_text][vc_column_text el_id=&#8221;mobile-data&#8221;]<\/p>\n<h2>Uso de datos m\u00f3viles<\/h2>\n<p>[\/vc_column_text][vc_column_text]<\/p>\n<p>Active el uso de los datos m\u00f3viles para que la app pueda transferir informaci\u00f3n sobre la ubicaci\u00f3n del empleado al servicio B2Filed a trav\u00e9s de las redes celulares.<\/p>\n<p>Para hacer esto dir\u00edjase a los Ajustes \u2192 X-Tracker \u2192 Datos m\u00f3viles \u2192 Deslice el interruptor a la posici\u00f3n Encendido.<\/p>\n<p>[\/vc_column_text][vc_row_inner][vc_column_inner width=&#8221;1\/2&#8243;][vc_single_image image=&#8221;1197&#8243; img_size=&#8221;full&#8221; alignment=&#8221;center&#8221; style=&#8221;vc_box_border&#8221;][\/vc_column_inner][vc_column_inner width=&#8221;1\/2&#8243;][vc_single_image image=&#8221;1200&#8243; img_size=&#8221;full&#8221; alignment=&#8221;center&#8221; style=&#8221;vc_box_border&#8221;][\/vc_column_inner][\/vc_row_inner][vc_column_text el_id=&#8221;notifications&#8221;]<\/p>\n<h2>Notificaciones<\/h2>\n<p>[\/vc_column_text][vc_column_text]<\/p>\n<p>Habilite las notificaciones para recibir informaci\u00f3n sobre el rendimiento de la app, nuevas tareas asignadas, mensajes en el chat, etc.<\/p>\n<p>Para hacer esto dir\u00edjase a los Ajustes \u2192 X-Tracker \u2192 Datos m\u00f3viles \u2192 Deslice el interruptor a la posici\u00f3n Encendido.<\/p>\n<p>[\/vc_column_text][vc_row_inner][vc_column_inner width=&#8221;1\/2&#8243;][vc_single_image image=&#8221;1203&#8243; img_size=&#8221;full&#8221; alignment=&#8221;center&#8221; style=&#8221;vc_box_border&#8221;][\/vc_column_inner][vc_column_inner width=&#8221;1\/2&#8243;][vc_single_image image=&#8221;1206&#8243; img_size=&#8221;full&#8221; alignment=&#8221;center&#8221; style=&#8221;vc_box_border&#8221;][\/vc_column_inner][\/vc_row_inner][vc_row_inner][vc_column_inner][vc_single_image image=&#8221;1209&#8243; img_size=&#8221;full&#8221; alignment=&#8221;center&#8221; style=&#8221;vc_box_border&#8221;][\/vc_column_inner][\/vc_row_inner][vc_column_text el_id=&#8221;access-to-location&#8221;]<\/p>\n<h2>Acceso a la ubicaci\u00f3n<\/h2>\n<p>[\/vc_column_text][vc_column_text]<\/p>\n<p>Los servicios de localizaci\u00f3n deben estar activados para que la app Rastreador X-GPS registre la ubicaci\u00f3n actual del empleado.<\/p>\n<p>Para hacer esto dir\u00edjase a los Ajustes \u2192 X-Tracker \u2192 Localizaci\u00f3n\u2192 Siempre.<\/p>\n<p>[\/vc_column_text][vc_row_inner][vc_column_inner width=&#8221;1\/2&#8243;][vc_single_image image=&#8221;1212&#8243; img_size=&#8221;full&#8221; alignment=&#8221;center&#8221; style=&#8221;vc_box_border&#8221;][\/vc_column_inner][vc_column_inner width=&#8221;1\/2&#8243;][vc_single_image image=&#8221;1215&#8243; img_size=&#8221;full&#8221; alignment=&#8221;center&#8221; style=&#8221;vc_box_border&#8221;][\/vc_column_inner][\/vc_row_inner][vc_single_image image=&#8221;1218&#8243; img_size=&#8221;full&#8221; alignment=&#8221;center&#8221; style=&#8221;vc_box_border&#8221;][vc_column_text]<\/p>\n<div class=\"settings_end\">\r\n<hr \/>\r\n<p>Para optimizar el rendimiento de la app, siga los\u00a0<a href=\"..\/recommendations\/\">consejos de uso<\/a><\/p>\r\n<\/div>\n<p>[\/vc_column_text][\/vc_column][\/vc_row]<\/p>\n","protected":false},"excerpt":{"rendered":"<p>[vc_row][vc_column][vc_column_text el_class=&#8221;ancor-list&#8221;] Uso de datos m\u00f3viles Notificaciones Acceso a la ubicaci\u00f3n [\/vc_column_text][vc_column_text el_id=&#8221;mobile-data&#8221;] Uso de datos m\u00f3viles [\/vc_column_text][vc_column_text] Active el uso de los datos m\u00f3viles para que la app pueda transferir informaci\u00f3n sobre la ubicaci\u00f3n del empleado al servicio B2Filed a trav\u00e9s de las redes celulares. Para hacer esto dir\u00edjase a los Ajustes \u2192 X-Tracker [&hellip;]<\/p>\n","protected":false},"author":5,"featured_media":0,"parent":1191,"menu_order":0,"comment_status":"closed","ping_status":"closed","template":"page-help.php","meta":{"inline_featured_image":false,"footnotes":""},"class_list":["post-1194","page","type-page","status-publish","hentry"],"yoast_head":"<!-- This site is optimized with the Yoast SEO plugin v27.2 - https:\/\/yoast.com\/product\/yoast-seo-wordpress\/ -->\n<title>Apple: Configuraci\u00f3n b\u00e1sica &#8212; X-GPS<\/title>\n<meta name=\"description\" content=\"Despu\u00e9s de instalar la aplicaci\u00f3n, se recomienda ajustar las siguientes configuraciones b\u00e1sicas, para dar el acceso y los permisos de la aplicaci\u00f3n\" \/>\n<meta name=\"robots\" content=\"index, follow, max-snippet:-1, max-image-preview:large, max-video-preview:-1\" \/>\n<link rel=\"canonical\" href=\"https:\/\/x-gps.app\/es\/help\/tracker\/apple\/settings\/\" \/>\n<meta property=\"og:locale\" content=\"es_ES\" \/>\n<meta property=\"og:type\" content=\"article\" \/>\n<meta property=\"og:title\" content=\"Apple: Configuraci\u00f3n b\u00e1sica &#8212; X-GPS\" \/>\n<meta property=\"og:description\" content=\"Despu\u00e9s de instalar la aplicaci\u00f3n, se recomienda ajustar las siguientes configuraciones b\u00e1sicas, para dar el acceso y los permisos de la aplicaci\u00f3n\" \/>\n<meta property=\"og:url\" content=\"https:\/\/x-gps.app\/es\/help\/tracker\/apple\/settings\/\" \/>\n<meta property=\"og:site_name\" content=\"X-GPS\" \/>\n<meta property=\"article:modified_time\" content=\"2019-03-14T11:50:40+00:00\" \/>\n<meta name=\"twitter:card\" content=\"summary_large_image\" \/>\n<meta name=\"twitter:label1\" content=\"Tiempo de lectura\" \/>\n\t<meta name=\"twitter:data1\" content=\"2 minutos\" \/>\n<script type=\"application\/ld+json\" class=\"yoast-schema-graph\">{\"@context\":\"https:\/\/schema.org\",\"@graph\":[{\"@type\":\"WebPage\",\"@id\":\"https:\/\/x-gps.app\/es\/help\/tracker\/apple\/settings\/\",\"url\":\"https:\/\/x-gps.app\/es\/help\/tracker\/apple\/settings\/\",\"name\":\"Apple: Configuraci\u00f3n b\u00e1sica &#8212; X-GPS\",\"isPartOf\":{\"@id\":\"https:\/\/x-gps.app\/es\/#website\"},\"datePublished\":\"2019-02-05T05:58:29+00:00\",\"dateModified\":\"2019-03-14T11:50:40+00:00\",\"description\":\"Despu\u00e9s de instalar la aplicaci\u00f3n, se recomienda ajustar las siguientes configuraciones b\u00e1sicas, para dar el acceso y los permisos de la aplicaci\u00f3n\",\"breadcrumb\":{\"@id\":\"https:\/\/x-gps.app\/es\/help\/tracker\/apple\/settings\/#breadcrumb\"},\"inLanguage\":\"es\",\"potentialAction\":[{\"@type\":\"ReadAction\",\"target\":[\"https:\/\/x-gps.app\/es\/help\/tracker\/apple\/settings\/\"]}]},{\"@type\":\"BreadcrumbList\",\"@id\":\"https:\/\/x-gps.app\/es\/help\/tracker\/apple\/settings\/#breadcrumb\",\"itemListElement\":[{\"@type\":\"ListItem\",\"position\":1,\"name\":\"\u0413\u043b\u0430\u0432\u043d\u0430\u044f \u0441\u0442\u0440\u0430\u043d\u0438\u0446\u0430\",\"item\":\"https:\/\/x-gps.app\/es\/\"},{\"@type\":\"ListItem\",\"position\":2,\"name\":\"Documentos\",\"item\":\"https:\/\/x-gps.app\/es\/help\/\"},{\"@type\":\"ListItem\",\"position\":3,\"name\":\"Tracker\",\"item\":\"https:\/\/x-gps.app\/es\/help\/tracker\/\"},{\"@type\":\"ListItem\",\"position\":4,\"name\":\"Apple\",\"item\":\"https:\/\/x-gps.app\/es\/help\/tracker\/apple\/\"},{\"@type\":\"ListItem\",\"position\":5,\"name\":\"Apple: Configuraci\u00f3n b\u00e1sica\"}]},{\"@type\":\"WebSite\",\"@id\":\"https:\/\/x-gps.app\/es\/#website\",\"url\":\"https:\/\/x-gps.app\/es\/\",\"name\":\"X-GPS\",\"description\":\"\",\"potentialAction\":[{\"@type\":\"SearchAction\",\"target\":{\"@type\":\"EntryPoint\",\"urlTemplate\":\"https:\/\/x-gps.app\/es\/?s={search_term_string}\"},\"query-input\":{\"@type\":\"PropertyValueSpecification\",\"valueRequired\":true,\"valueName\":\"search_term_string\"}}],\"inLanguage\":\"es\"}]}<\/script>\n<!-- \/ Yoast SEO plugin. -->","yoast_head_json":{"title":"Apple: Configuraci\u00f3n b\u00e1sica &#8212; X-GPS","description":"Despu\u00e9s de instalar la aplicaci\u00f3n, se recomienda ajustar las siguientes configuraciones b\u00e1sicas, para dar el acceso y los permisos de la aplicaci\u00f3n","robots":{"index":"index","follow":"follow","max-snippet":"max-snippet:-1","max-image-preview":"max-image-preview:large","max-video-preview":"max-video-preview:-1"},"canonical":"https:\/\/x-gps.app\/es\/help\/tracker\/apple\/settings\/","og_locale":"es_ES","og_type":"article","og_title":"Apple: Configuraci\u00f3n b\u00e1sica &#8212; X-GPS","og_description":"Despu\u00e9s de instalar la aplicaci\u00f3n, se recomienda ajustar las siguientes configuraciones b\u00e1sicas, para dar el acceso y los permisos de la aplicaci\u00f3n","og_url":"https:\/\/x-gps.app\/es\/help\/tracker\/apple\/settings\/","og_site_name":"X-GPS","article_modified_time":"2019-03-14T11:50:40+00:00","twitter_card":"summary_large_image","twitter_misc":{"Tiempo de lectura":"2 minutos"},"schema":{"@context":"https:\/\/schema.org","@graph":[{"@type":"WebPage","@id":"https:\/\/x-gps.app\/es\/help\/tracker\/apple\/settings\/","url":"https:\/\/x-gps.app\/es\/help\/tracker\/apple\/settings\/","name":"Apple: Configuraci\u00f3n b\u00e1sica &#8212; X-GPS","isPartOf":{"@id":"https:\/\/x-gps.app\/es\/#website"},"datePublished":"2019-02-05T05:58:29+00:00","dateModified":"2019-03-14T11:50:40+00:00","description":"Despu\u00e9s de instalar la aplicaci\u00f3n, se recomienda ajustar las siguientes configuraciones b\u00e1sicas, para dar el acceso y los permisos de la aplicaci\u00f3n","breadcrumb":{"@id":"https:\/\/x-gps.app\/es\/help\/tracker\/apple\/settings\/#breadcrumb"},"inLanguage":"es","potentialAction":[{"@type":"ReadAction","target":["https:\/\/x-gps.app\/es\/help\/tracker\/apple\/settings\/"]}]},{"@type":"BreadcrumbList","@id":"https:\/\/x-gps.app\/es\/help\/tracker\/apple\/settings\/#breadcrumb","itemListElement":[{"@type":"ListItem","position":1,"name":"\u0413\u043b\u0430\u0432\u043d\u0430\u044f \u0441\u0442\u0440\u0430\u043d\u0438\u0446\u0430","item":"https:\/\/x-gps.app\/es\/"},{"@type":"ListItem","position":2,"name":"Documentos","item":"https:\/\/x-gps.app\/es\/help\/"},{"@type":"ListItem","position":3,"name":"Tracker","item":"https:\/\/x-gps.app\/es\/help\/tracker\/"},{"@type":"ListItem","position":4,"name":"Apple","item":"https:\/\/x-gps.app\/es\/help\/tracker\/apple\/"},{"@type":"ListItem","position":5,"name":"Apple: Configuraci\u00f3n b\u00e1sica"}]},{"@type":"WebSite","@id":"https:\/\/x-gps.app\/es\/#website","url":"https:\/\/x-gps.app\/es\/","name":"X-GPS","description":"","potentialAction":[{"@type":"SearchAction","target":{"@type":"EntryPoint","urlTemplate":"https:\/\/x-gps.app\/es\/?s={search_term_string}"},"query-input":{"@type":"PropertyValueSpecification","valueRequired":true,"valueName":"search_term_string"}}],"inLanguage":"es"}]}},"_links":{"self":[{"href":"https:\/\/x-gps.app\/es\/wp-json\/wp\/v2\/pages\/1194","targetHints":{"allow":["GET"]}}],"collection":[{"href":"https:\/\/x-gps.app\/es\/wp-json\/wp\/v2\/pages"}],"about":[{"href":"https:\/\/x-gps.app\/es\/wp-json\/wp\/v2\/types\/page"}],"author":[{"embeddable":true,"href":"https:\/\/x-gps.app\/es\/wp-json\/wp\/v2\/users\/5"}],"replies":[{"embeddable":true,"href":"https:\/\/x-gps.app\/es\/wp-json\/wp\/v2\/comments?post=1194"}],"version-history":[{"count":3,"href":"https:\/\/x-gps.app\/es\/wp-json\/wp\/v2\/pages\/1194\/revisions"}],"predecessor-version":[{"id":1221,"href":"https:\/\/x-gps.app\/es\/wp-json\/wp\/v2\/pages\/1194\/revisions\/1221"}],"up":[{"embeddable":true,"href":"https:\/\/x-gps.app\/es\/wp-json\/wp\/v2\/pages\/1191"}],"wp:attachment":[{"href":"https:\/\/x-gps.app\/es\/wp-json\/wp\/v2\/media?parent=1194"}],"curies":[{"name":"wp","href":"https:\/\/api.w.org\/{rel}","templated":true}]}}