{"id":1191,"date":"2019-02-04T13:19:53","date_gmt":"2019-02-04T13:19:53","guid":{"rendered":"https:\/\/x-gps.app\/help\/tracker\/apple\/"},"modified":"2019-03-14T11:38:56","modified_gmt":"2019-03-14T11:38:56","slug":"apple","status":"publish","type":"page","link":"https:\/\/x-gps.app\/es\/help\/tracker\/apple\/","title":{"rendered":"Apple"},"content":{"rendered":"<p>[vc_row][vc_column][vc_column_text]<\/p>\n<p>A continuaci\u00f3n le mostraremos c\u00f3mo configurar los ajustes del sistema operativo iOS en los dispositivos <strong>iPhone<\/strong> y <strong>iPad<\/strong>, para un \u00f3ptimo funcionamiento de la app <strong>Rastreador X-GPS<\/strong>.<\/p>\n<p>[\/vc_column_text][vc_column_text el_class=&#8221;info-blockquote&#8221;]<\/p>\n<p>Los dispositivos m\u00f3viles de Apple (iPhone, iPad y iPod) operan con su propia sistema operativo llamada iOS. El sistema operativo ofrece una interfaz intuitiva y adem\u00e1s contiene una serie de mejoras, incluido un modo inteligente de ahorro de energ\u00eda.<\/p>\n<p>Para asegurarse de que los ajustes predeterminados del iOS no afectan el rendimiento de la app Rastreador X-GPS (acceso a la ubicaci\u00f3n y operaciones en segundo plano) se recomienda habilitar algunas configuraciones b\u00e1sicas.<\/p>\n<p>[\/vc_column_text][vc_column_text]<\/p>\n<h2>Configuraci\u00f3n b\u00e1sica<\/h2>\n<p>[\/vc_column_text][vc_column_text el_class=&#8221;ancor-list&#8221;]<\/p>\n<ul>\n<li><a href=\"settings\/#mobile-data\">Uso de datos m\u00f3viles<\/a><\/li>\n<li><a href=\"settings\/#notifications\">Notificaciones<\/a><\/li>\n<li><a href=\"settings\/#access-to-location\">Acceso a la ubicaci\u00f3n<\/a><\/li>\n<\/ul>\n<p>Despu\u00e9s de instalar la aplicaci\u00f3n, se recomienda ajustar las siguientes configuraciones b\u00e1sicas, para dar el acceso y los permisos de la aplicaci\u00f3n.<\/p>\n<p>[\/vc_column_text][vc_column_text el_class=&#8221;ancor-list&#8221;]<\/p>\n<h2>Recomendaciones generales<\/h2>\n<ul>\n<li><a href=\"recommendations\/#usage-tips\">Consejos de uso<\/a><\/li>\n<li><a href=\"recommendations\/#faq\">Preguntas m\u00e1s frecuentes<\/a><\/li>\n<\/ul>\n<p>[\/vc_column_text][\/vc_column][\/vc_row]<\/p>\n","protected":false},"excerpt":{"rendered":"<p>[vc_row][vc_column][vc_column_text] A continuaci\u00f3n le mostraremos c\u00f3mo configurar los ajustes del sistema operativo iOS en los dispositivos iPhone y iPad, para un \u00f3ptimo funcionamiento de la app Rastreador X-GPS. [\/vc_column_text][vc_column_text el_class=&#8221;info-blockquote&#8221;] Los dispositivos m\u00f3viles de Apple (iPhone, iPad y iPod) operan con su propia sistema operativo llamada iOS. El sistema operativo ofrece una interfaz intuitiva y [&hellip;]<\/p>\n","protected":false},"author":5,"featured_media":0,"parent":758,"menu_order":0,"comment_status":"closed","ping_status":"closed","template":"page-help.php","meta":{"inline_featured_image":false,"footnotes":""},"class_list":["post-1191","page","type-page","status-publish","hentry"],"yoast_head":"<!-- This site is optimized with the Yoast SEO plugin v27.2 - https:\/\/yoast.com\/product\/yoast-seo-wordpress\/ -->\n<title>Apple &#8212; X-GPS<\/title>\n<meta name=\"description\" content=\"A continuaci\u00f3n le mostraremos c\u00f3mo configurar los ajustes del sistema operativo iOS en los dispositivos iPhone y iPad, para un \u00f3ptimo funcionamiento de la app Rastreador X-GPS\" \/>\n<meta name=\"robots\" content=\"index, follow, max-snippet:-1, max-image-preview:large, max-video-preview:-1\" \/>\n<link rel=\"canonical\" href=\"https:\/\/x-gps.app\/es\/help\/tracker\/apple\/\" \/>\n<meta property=\"og:locale\" content=\"es_ES\" \/>\n<meta property=\"og:type\" content=\"article\" \/>\n<meta property=\"og:title\" content=\"Apple &#8212; X-GPS\" \/>\n<meta property=\"og:description\" content=\"A continuaci\u00f3n le mostraremos c\u00f3mo configurar los ajustes del sistema operativo iOS en los dispositivos iPhone y iPad, para un \u00f3ptimo funcionamiento de la app Rastreador X-GPS\" \/>\n<meta property=\"og:url\" content=\"https:\/\/x-gps.app\/es\/help\/tracker\/apple\/\" \/>\n<meta property=\"og:site_name\" content=\"X-GPS\" \/>\n<meta property=\"article:modified_time\" content=\"2019-03-14T11:38:56+00:00\" \/>\n<meta name=\"twitter:card\" content=\"summary_large_image\" \/>\n<meta name=\"twitter:label1\" content=\"Tiempo de lectura\" \/>\n\t<meta name=\"twitter:data1\" content=\"1 minuto\" \/>\n<script type=\"application\/ld+json\" class=\"yoast-schema-graph\">{\"@context\":\"https:\/\/schema.org\",\"@graph\":[{\"@type\":\"WebPage\",\"@id\":\"https:\/\/x-gps.app\/es\/help\/tracker\/apple\/\",\"url\":\"https:\/\/x-gps.app\/es\/help\/tracker\/apple\/\",\"name\":\"Apple &#8212; X-GPS\",\"isPartOf\":{\"@id\":\"https:\/\/x-gps.app\/es\/#website\"},\"datePublished\":\"2019-02-04T13:19:53+00:00\",\"dateModified\":\"2019-03-14T11:38:56+00:00\",\"description\":\"A continuaci\u00f3n le mostraremos c\u00f3mo configurar los ajustes del sistema operativo iOS en los dispositivos iPhone y iPad, para un \u00f3ptimo funcionamiento de la app Rastreador X-GPS\",\"breadcrumb\":{\"@id\":\"https:\/\/x-gps.app\/es\/help\/tracker\/apple\/#breadcrumb\"},\"inLanguage\":\"es\",\"potentialAction\":[{\"@type\":\"ReadAction\",\"target\":[\"https:\/\/x-gps.app\/es\/help\/tracker\/apple\/\"]}]},{\"@type\":\"BreadcrumbList\",\"@id\":\"https:\/\/x-gps.app\/es\/help\/tracker\/apple\/#breadcrumb\",\"itemListElement\":[{\"@type\":\"ListItem\",\"position\":1,\"name\":\"\u0413\u043b\u0430\u0432\u043d\u0430\u044f \u0441\u0442\u0440\u0430\u043d\u0438\u0446\u0430\",\"item\":\"https:\/\/x-gps.app\/es\/\"},{\"@type\":\"ListItem\",\"position\":2,\"name\":\"Documentos\",\"item\":\"https:\/\/x-gps.app\/es\/help\/\"},{\"@type\":\"ListItem\",\"position\":3,\"name\":\"Tracker\",\"item\":\"https:\/\/x-gps.app\/es\/help\/tracker\/\"},{\"@type\":\"ListItem\",\"position\":4,\"name\":\"Apple\"}]},{\"@type\":\"WebSite\",\"@id\":\"https:\/\/x-gps.app\/es\/#website\",\"url\":\"https:\/\/x-gps.app\/es\/\",\"name\":\"X-GPS\",\"description\":\"\",\"potentialAction\":[{\"@type\":\"SearchAction\",\"target\":{\"@type\":\"EntryPoint\",\"urlTemplate\":\"https:\/\/x-gps.app\/es\/?s={search_term_string}\"},\"query-input\":{\"@type\":\"PropertyValueSpecification\",\"valueRequired\":true,\"valueName\":\"search_term_string\"}}],\"inLanguage\":\"es\"}]}<\/script>\n<!-- \/ Yoast SEO plugin. -->","yoast_head_json":{"title":"Apple &#8212; X-GPS","description":"A continuaci\u00f3n le mostraremos c\u00f3mo configurar los ajustes del sistema operativo iOS en los dispositivos iPhone y iPad, para un \u00f3ptimo funcionamiento de la app Rastreador X-GPS","robots":{"index":"index","follow":"follow","max-snippet":"max-snippet:-1","max-image-preview":"max-image-preview:large","max-video-preview":"max-video-preview:-1"},"canonical":"https:\/\/x-gps.app\/es\/help\/tracker\/apple\/","og_locale":"es_ES","og_type":"article","og_title":"Apple &#8212; X-GPS","og_description":"A continuaci\u00f3n le mostraremos c\u00f3mo configurar los ajustes del sistema operativo iOS en los dispositivos iPhone y iPad, para un \u00f3ptimo funcionamiento de la app Rastreador X-GPS","og_url":"https:\/\/x-gps.app\/es\/help\/tracker\/apple\/","og_site_name":"X-GPS","article_modified_time":"2019-03-14T11:38:56+00:00","twitter_card":"summary_large_image","twitter_misc":{"Tiempo de lectura":"1 minuto"},"schema":{"@context":"https:\/\/schema.org","@graph":[{"@type":"WebPage","@id":"https:\/\/x-gps.app\/es\/help\/tracker\/apple\/","url":"https:\/\/x-gps.app\/es\/help\/tracker\/apple\/","name":"Apple &#8212; X-GPS","isPartOf":{"@id":"https:\/\/x-gps.app\/es\/#website"},"datePublished":"2019-02-04T13:19:53+00:00","dateModified":"2019-03-14T11:38:56+00:00","description":"A continuaci\u00f3n le mostraremos c\u00f3mo configurar los ajustes del sistema operativo iOS en los dispositivos iPhone y iPad, para un \u00f3ptimo funcionamiento de la app Rastreador X-GPS","breadcrumb":{"@id":"https:\/\/x-gps.app\/es\/help\/tracker\/apple\/#breadcrumb"},"inLanguage":"es","potentialAction":[{"@type":"ReadAction","target":["https:\/\/x-gps.app\/es\/help\/tracker\/apple\/"]}]},{"@type":"BreadcrumbList","@id":"https:\/\/x-gps.app\/es\/help\/tracker\/apple\/#breadcrumb","itemListElement":[{"@type":"ListItem","position":1,"name":"\u0413\u043b\u0430\u0432\u043d\u0430\u044f \u0441\u0442\u0440\u0430\u043d\u0438\u0446\u0430","item":"https:\/\/x-gps.app\/es\/"},{"@type":"ListItem","position":2,"name":"Documentos","item":"https:\/\/x-gps.app\/es\/help\/"},{"@type":"ListItem","position":3,"name":"Tracker","item":"https:\/\/x-gps.app\/es\/help\/tracker\/"},{"@type":"ListItem","position":4,"name":"Apple"}]},{"@type":"WebSite","@id":"https:\/\/x-gps.app\/es\/#website","url":"https:\/\/x-gps.app\/es\/","name":"X-GPS","description":"","potentialAction":[{"@type":"SearchAction","target":{"@type":"EntryPoint","urlTemplate":"https:\/\/x-gps.app\/es\/?s={search_term_string}"},"query-input":{"@type":"PropertyValueSpecification","valueRequired":true,"valueName":"search_term_string"}}],"inLanguage":"es"}]}},"_links":{"self":[{"href":"https:\/\/x-gps.app\/es\/wp-json\/wp\/v2\/pages\/1191","targetHints":{"allow":["GET"]}}],"collection":[{"href":"https:\/\/x-gps.app\/es\/wp-json\/wp\/v2\/pages"}],"about":[{"href":"https:\/\/x-gps.app\/es\/wp-json\/wp\/v2\/types\/page"}],"author":[{"embeddable":true,"href":"https:\/\/x-gps.app\/es\/wp-json\/wp\/v2\/users\/5"}],"replies":[{"embeddable":true,"href":"https:\/\/x-gps.app\/es\/wp-json\/wp\/v2\/comments?post=1191"}],"version-history":[{"count":2,"href":"https:\/\/x-gps.app\/es\/wp-json\/wp\/v2\/pages\/1191\/revisions"}],"predecessor-version":[{"id":1193,"href":"https:\/\/x-gps.app\/es\/wp-json\/wp\/v2\/pages\/1191\/revisions\/1193"}],"up":[{"embeddable":true,"href":"https:\/\/x-gps.app\/es\/wp-json\/wp\/v2\/pages\/758"}],"wp:attachment":[{"href":"https:\/\/x-gps.app\/es\/wp-json\/wp\/v2\/media?parent=1191"}],"curies":[{"name":"wp","href":"https:\/\/api.w.org\/{rel}","templated":true}]}}