{"id":1172,"date":"2019-02-05T07:45:21","date_gmt":"2019-02-05T07:45:21","guid":{"rendered":"https:\/\/x-gps.app\/help\/tracker\/samsung\/settings\/"},"modified":"2019-03-14T11:18:03","modified_gmt":"2019-03-14T11:18:03","slug":"settings","status":"publish","type":"page","link":"https:\/\/x-gps.app\/es\/help\/tracker\/samsung\/settings\/","title":{"rendered":"Samsung: Configuraci\u00f3n b\u00e1sica"},"content":{"rendered":"<p>[vc_row][vc_column][vc_column_text el_class=&#8221;ancor-list&#8221;]<\/p>\n<ul>\n<li><a href=\"#mobile-data\">Uso de datos<\/a><\/li>\n<li><a href=\"#exclusions\">Apps sin supervision<\/a><\/li>\n<li><a href=\"#access-to-location\">Ubicaci\u00f3n y Almacenamiento<\/a><\/li>\n<\/ul>\n<p>[\/vc_column_text][vc_column_text el_id=&#8221;mobile-data&#8221;]<\/p>\n<h2>Uso de datos m\u00f3viles<\/h2>\n<p>[\/vc_column_text][vc_column_text]<\/p>\n<p>Para recibir actualizaciones de la ubicaci\u00f3n mientras la aplicaci\u00f3n X-GPS est\u00e1 minimizada o la pantalla est\u00e1 bloqueada, es necesario permitir que la app use los datos m\u00f3viles sin restricciones y funcione en segundo plano.<\/p>\n<p>Para hacer esto dir\u00edjase a los Ajustes \u2192 Aplicaciones \u2192 Rastreador X-GPS \u2192 Datos m\u00f3viles \u2192 Uso de datos \u2192 Cambie los interruptores a la derecha.<\/p>\n<p>[\/vc_column_text][vc_row_inner][vc_column_inner width=&#8221;1\/2&#8243;][vc_single_image image=&#8221;1128&#8243; img_size=&#8221;full&#8221; alignment=&#8221;center&#8221; style=&#8221;vc_box_border&#8221;][\/vc_column_inner][vc_column_inner width=&#8221;1\/2&#8243;][vc_single_image image=&#8221;1131&#8243; img_size=&#8221;full&#8221; alignment=&#8221;center&#8221; style=&#8221;vc_box_border&#8221;][\/vc_column_inner][\/vc_row_inner][vc_row_inner][vc_column_inner width=&#8221;1\/2&#8243;][vc_single_image image=&#8221;1134&#8243; img_size=&#8221;full&#8221; alignment=&#8221;center&#8221; style=&#8221;vc_box_border&#8221;][\/vc_column_inner][vc_column_inner width=&#8221;1\/2&#8243;][vc_single_image image=&#8221;1137&#8243; img_size=&#8221;full&#8221; alignment=&#8221;center&#8221; style=&#8221;vc_box_border&#8221;][\/vc_column_inner][\/vc_row_inner][vc_column_text el_id=&#8221;exclusions&#8221;]<\/p>\n<h2>Apps sin supervision<\/h2>\n<p>[\/vc_column_text][vc_column_text]<\/p>\n<p>A\u00f1ada la app Rastreador GPS a la lista de aplicaciones sin supervisi\u00f3n para que \u00e9sta pueda usar tanta bater\u00eda como necesite y no est\u00e9 sujeto a supervisi\u00f3n por el control de energ\u00eda. Esta opci\u00f3n la puede activar por medio del men\u00fa del mantenimiento del dispositivo.<\/p>\n<p>Para hacer esto dir\u00edjase a los Ajustes \u2192 Mantenimiento dispositivo \u2192 Bater\u00eda \u2192 \u00a0Apps sin supervisi\u00f3n \u2192 A\u00f1adir aplicaciones \u2192 Rastreador X-GPS \u2192 Pulse Hecho.<\/p>\n<p>[\/vc_column_text][vc_row_inner][vc_column_inner width=&#8221;1\/2&#8243;][vc_single_image image=&#8221;1140&#8243; img_size=&#8221;full&#8221; alignment=&#8221;center&#8221; style=&#8221;vc_box_border&#8221;][\/vc_column_inner][vc_column_inner width=&#8221;1\/2&#8243;][vc_single_image image=&#8221;1143&#8243; img_size=&#8221;full&#8221; alignment=&#8221;center&#8221; style=&#8221;vc_box_border&#8221;][\/vc_column_inner][\/vc_row_inner][vc_row_inner][vc_column_inner width=&#8221;1\/2&#8243;][vc_single_image image=&#8221;1149&#8243; img_size=&#8221;full&#8221; alignment=&#8221;center&#8221; style=&#8221;vc_box_border&#8221;][\/vc_column_inner][vc_column_inner width=&#8221;1\/2&#8243;][vc_single_image image=&#8221;1152&#8243; img_size=&#8221;full&#8221; alignment=&#8221;center&#8221; style=&#8221;vc_box_border&#8221;][\/vc_column_inner][\/vc_row_inner][vc_row_inner][vc_column_inner][vc_single_image image=&#8221;1155&#8243; img_size=&#8221;full&#8221; alignment=&#8221;center&#8221; style=&#8221;vc_box_border&#8221;][\/vc_column_inner][\/vc_row_inner][vc_column_text el_id=&#8221;access-to-location&#8221;]<\/p>\n<h2>Ubicaci\u00f3n y almacenamiento<\/h2>\n<p>[\/vc_column_text][vc_column_text]<\/p>\n<p>Los servicios de localizaci\u00f3n <em>deben estar activados<\/em> para que la app Rastreador X-GPS registre la ubicaci\u00f3n actual del empleado y la env\u00ede al servicio.<\/p>\n<p>Para que la aplicaci\u00f3n funcione correctamente sin conexi\u00f3n a Internet, debe permitirle acceder a la memoria del dispositivo.<\/p>\n<p>[\/vc_column_text][vc_tta_accordion c_icon=&#8221;chevron&#8221; active_section=&#8221;&#8221; collapsible_all=&#8221;true&#8221;][vc_tta_section title=&#8221;M\u00e1s informaci\u00f3n acerca de la operaci\u00f3n fuera de l\u00ednea&#8221; tab_id=&#8221;1549008445614-f19cd1b9-4790&#8243;][vc_column_text]<\/p>\n<p>Cuando el dispositivo se utiliza en un \u00e1rea sin conexi\u00f3n a Internet, la app Rastreador X-GPS sigue funcionando offline. Esto significa que todos los datos de los recorridos GPS, notas de tareas, fotos, etc. se almacenan en la memoria del dispositivo. Una vez restaurada la conexi\u00f3n a Internet, la informaci\u00f3n se transmite autom\u00e1ticamente al servidor.<\/p>\n<p>[\/vc_column_text][\/vc_tta_section][\/vc_tta_accordion][vc_column_text]<\/p>\n<p>Para hacerlo dir\u00edjase a los Ajustes \u2192 Aplicaciones \u2192 Rastreador X-GPS \u2192 Permisos\u2192 Acceso a la ubicaci\u00f3n y almacenamiento \u2192 Permitir.<\/p>\n<p>[\/vc_column_text][vc_row_inner][vc_column_inner width=&#8221;1\/2&#8243;][vc_single_image image=&#8221;1158&#8243; img_size=&#8221;full&#8221; alignment=&#8221;center&#8221; style=&#8221;vc_box_border&#8221;][\/vc_column_inner][vc_column_inner width=&#8221;1\/2&#8243;][vc_single_image image=&#8221;1161&#8243; img_size=&#8221;full&#8221; alignment=&#8221;center&#8221; style=&#8221;vc_box_border&#8221;][\/vc_column_inner][\/vc_row_inner][vc_row_inner][vc_column_inner width=&#8221;1\/2&#8243;][vc_single_image image=&#8221;1164&#8243; img_size=&#8221;full&#8221; alignment=&#8221;center&#8221; style=&#8221;vc_box_border&#8221;][\/vc_column_inner][vc_column_inner width=&#8221;1\/2&#8243;][vc_single_image image=&#8221;1167&#8243; img_size=&#8221;full&#8221; alignment=&#8221;center&#8221; style=&#8221;vc_box_border&#8221;][\/vc_column_inner][\/vc_row_inner][vc_column_text]<\/p>\n<div class=\"settings_end\">\r\n<hr \/>\r\n<p>Para optimizar el rendimiento de la app, siga los\u00a0<a href=\"..\/recommendations\/\">consejos de uso<\/a><\/p>\r\n<\/div>\n<p>[\/vc_column_text][\/vc_column][\/vc_row]<\/p>\n","protected":false},"excerpt":{"rendered":"<p>[vc_row][vc_column][vc_column_text el_class=&#8221;ancor-list&#8221;] Uso de datos Apps sin supervision Ubicaci\u00f3n y Almacenamiento [\/vc_column_text][vc_column_text el_id=&#8221;mobile-data&#8221;] Uso de datos m\u00f3viles [\/vc_column_text][vc_column_text] Para recibir actualizaciones de la ubicaci\u00f3n mientras la aplicaci\u00f3n X-GPS est\u00e1 minimizada o la pantalla est\u00e1 bloqueada, es necesario permitir que la app use los datos m\u00f3viles sin restricciones y funcione en segundo plano. Para hacer esto [&hellip;]<\/p>\n","protected":false},"author":5,"featured_media":0,"parent":766,"menu_order":0,"comment_status":"closed","ping_status":"closed","template":"page-help.php","meta":{"inline_featured_image":false,"footnotes":""},"class_list":["post-1172","page","type-page","status-publish","hentry"],"yoast_head":"<!-- This site is optimized with the Yoast SEO plugin v27.2 - https:\/\/yoast.com\/product\/yoast-seo-wordpress\/ -->\n<title>Samsung: Configuraci\u00f3n b\u00e1sica &#8212; X-GPS<\/title>\n<meta name=\"description\" content=\"Despu\u00e9s de instalar la aplicaci\u00f3n, se recomienda ajustar las siguientes configuraciones b\u00e1sicas, para dar el acceso y los permisos de la aplicaci\u00f3n\" \/>\n<meta name=\"robots\" content=\"index, follow, max-snippet:-1, max-image-preview:large, max-video-preview:-1\" \/>\n<link rel=\"canonical\" href=\"https:\/\/x-gps.app\/es\/help\/tracker\/samsung\/settings\/\" \/>\n<meta property=\"og:locale\" content=\"es_ES\" \/>\n<meta property=\"og:type\" content=\"article\" \/>\n<meta property=\"og:title\" content=\"Samsung: Configuraci\u00f3n b\u00e1sica &#8212; X-GPS\" \/>\n<meta property=\"og:description\" content=\"Despu\u00e9s de instalar la aplicaci\u00f3n, se recomienda ajustar las siguientes configuraciones b\u00e1sicas, para dar el acceso y los permisos de la aplicaci\u00f3n\" \/>\n<meta property=\"og:url\" content=\"https:\/\/x-gps.app\/es\/help\/tracker\/samsung\/settings\/\" \/>\n<meta property=\"og:site_name\" content=\"X-GPS\" \/>\n<meta property=\"article:modified_time\" content=\"2019-03-14T11:18:03+00:00\" \/>\n<meta name=\"twitter:card\" content=\"summary_large_image\" \/>\n<meta name=\"twitter:label1\" content=\"Tiempo de lectura\" \/>\n\t<meta name=\"twitter:data1\" content=\"4 minutos\" \/>\n<script type=\"application\/ld+json\" class=\"yoast-schema-graph\">{\"@context\":\"https:\/\/schema.org\",\"@graph\":[{\"@type\":\"WebPage\",\"@id\":\"https:\/\/x-gps.app\/es\/help\/tracker\/samsung\/settings\/\",\"url\":\"https:\/\/x-gps.app\/es\/help\/tracker\/samsung\/settings\/\",\"name\":\"Samsung: Configuraci\u00f3n b\u00e1sica &#8212; X-GPS\",\"isPartOf\":{\"@id\":\"https:\/\/x-gps.app\/es\/#website\"},\"datePublished\":\"2019-02-05T07:45:21+00:00\",\"dateModified\":\"2019-03-14T11:18:03+00:00\",\"description\":\"Despu\u00e9s de instalar la aplicaci\u00f3n, se recomienda ajustar las siguientes configuraciones b\u00e1sicas, para dar el acceso y los permisos de la aplicaci\u00f3n\",\"breadcrumb\":{\"@id\":\"https:\/\/x-gps.app\/es\/help\/tracker\/samsung\/settings\/#breadcrumb\"},\"inLanguage\":\"es\",\"potentialAction\":[{\"@type\":\"ReadAction\",\"target\":[\"https:\/\/x-gps.app\/es\/help\/tracker\/samsung\/settings\/\"]}]},{\"@type\":\"BreadcrumbList\",\"@id\":\"https:\/\/x-gps.app\/es\/help\/tracker\/samsung\/settings\/#breadcrumb\",\"itemListElement\":[{\"@type\":\"ListItem\",\"position\":1,\"name\":\"\u0413\u043b\u0430\u0432\u043d\u0430\u044f \u0441\u0442\u0440\u0430\u043d\u0438\u0446\u0430\",\"item\":\"https:\/\/x-gps.app\/es\/\"},{\"@type\":\"ListItem\",\"position\":2,\"name\":\"Documentos\",\"item\":\"https:\/\/x-gps.app\/es\/help\/\"},{\"@type\":\"ListItem\",\"position\":3,\"name\":\"Tracker\",\"item\":\"https:\/\/x-gps.app\/es\/help\/tracker\/\"},{\"@type\":\"ListItem\",\"position\":4,\"name\":\"Samsung\",\"item\":\"https:\/\/x-gps.app\/es\/help\/tracker\/samsung\/\"},{\"@type\":\"ListItem\",\"position\":5,\"name\":\"Samsung: Configuraci\u00f3n b\u00e1sica\"}]},{\"@type\":\"WebSite\",\"@id\":\"https:\/\/x-gps.app\/es\/#website\",\"url\":\"https:\/\/x-gps.app\/es\/\",\"name\":\"X-GPS\",\"description\":\"\",\"potentialAction\":[{\"@type\":\"SearchAction\",\"target\":{\"@type\":\"EntryPoint\",\"urlTemplate\":\"https:\/\/x-gps.app\/es\/?s={search_term_string}\"},\"query-input\":{\"@type\":\"PropertyValueSpecification\",\"valueRequired\":true,\"valueName\":\"search_term_string\"}}],\"inLanguage\":\"es\"}]}<\/script>\n<!-- \/ Yoast SEO plugin. -->","yoast_head_json":{"title":"Samsung: Configuraci\u00f3n b\u00e1sica &#8212; X-GPS","description":"Despu\u00e9s de instalar la aplicaci\u00f3n, se recomienda ajustar las siguientes configuraciones b\u00e1sicas, para dar el acceso y los permisos de la aplicaci\u00f3n","robots":{"index":"index","follow":"follow","max-snippet":"max-snippet:-1","max-image-preview":"max-image-preview:large","max-video-preview":"max-video-preview:-1"},"canonical":"https:\/\/x-gps.app\/es\/help\/tracker\/samsung\/settings\/","og_locale":"es_ES","og_type":"article","og_title":"Samsung: Configuraci\u00f3n b\u00e1sica &#8212; X-GPS","og_description":"Despu\u00e9s de instalar la aplicaci\u00f3n, se recomienda ajustar las siguientes configuraciones b\u00e1sicas, para dar el acceso y los permisos de la aplicaci\u00f3n","og_url":"https:\/\/x-gps.app\/es\/help\/tracker\/samsung\/settings\/","og_site_name":"X-GPS","article_modified_time":"2019-03-14T11:18:03+00:00","twitter_card":"summary_large_image","twitter_misc":{"Tiempo de lectura":"4 minutos"},"schema":{"@context":"https:\/\/schema.org","@graph":[{"@type":"WebPage","@id":"https:\/\/x-gps.app\/es\/help\/tracker\/samsung\/settings\/","url":"https:\/\/x-gps.app\/es\/help\/tracker\/samsung\/settings\/","name":"Samsung: Configuraci\u00f3n b\u00e1sica &#8212; X-GPS","isPartOf":{"@id":"https:\/\/x-gps.app\/es\/#website"},"datePublished":"2019-02-05T07:45:21+00:00","dateModified":"2019-03-14T11:18:03+00:00","description":"Despu\u00e9s de instalar la aplicaci\u00f3n, se recomienda ajustar las siguientes configuraciones b\u00e1sicas, para dar el acceso y los permisos de la aplicaci\u00f3n","breadcrumb":{"@id":"https:\/\/x-gps.app\/es\/help\/tracker\/samsung\/settings\/#breadcrumb"},"inLanguage":"es","potentialAction":[{"@type":"ReadAction","target":["https:\/\/x-gps.app\/es\/help\/tracker\/samsung\/settings\/"]}]},{"@type":"BreadcrumbList","@id":"https:\/\/x-gps.app\/es\/help\/tracker\/samsung\/settings\/#breadcrumb","itemListElement":[{"@type":"ListItem","position":1,"name":"\u0413\u043b\u0430\u0432\u043d\u0430\u044f \u0441\u0442\u0440\u0430\u043d\u0438\u0446\u0430","item":"https:\/\/x-gps.app\/es\/"},{"@type":"ListItem","position":2,"name":"Documentos","item":"https:\/\/x-gps.app\/es\/help\/"},{"@type":"ListItem","position":3,"name":"Tracker","item":"https:\/\/x-gps.app\/es\/help\/tracker\/"},{"@type":"ListItem","position":4,"name":"Samsung","item":"https:\/\/x-gps.app\/es\/help\/tracker\/samsung\/"},{"@type":"ListItem","position":5,"name":"Samsung: Configuraci\u00f3n b\u00e1sica"}]},{"@type":"WebSite","@id":"https:\/\/x-gps.app\/es\/#website","url":"https:\/\/x-gps.app\/es\/","name":"X-GPS","description":"","potentialAction":[{"@type":"SearchAction","target":{"@type":"EntryPoint","urlTemplate":"https:\/\/x-gps.app\/es\/?s={search_term_string}"},"query-input":{"@type":"PropertyValueSpecification","valueRequired":true,"valueName":"search_term_string"}}],"inLanguage":"es"}]}},"_links":{"self":[{"href":"https:\/\/x-gps.app\/es\/wp-json\/wp\/v2\/pages\/1172","targetHints":{"allow":["GET"]}}],"collection":[{"href":"https:\/\/x-gps.app\/es\/wp-json\/wp\/v2\/pages"}],"about":[{"href":"https:\/\/x-gps.app\/es\/wp-json\/wp\/v2\/types\/page"}],"author":[{"embeddable":true,"href":"https:\/\/x-gps.app\/es\/wp-json\/wp\/v2\/users\/5"}],"replies":[{"embeddable":true,"href":"https:\/\/x-gps.app\/es\/wp-json\/wp\/v2\/comments?post=1172"}],"version-history":[{"count":3,"href":"https:\/\/x-gps.app\/es\/wp-json\/wp\/v2\/pages\/1172\/revisions"}],"predecessor-version":[{"id":1181,"href":"https:\/\/x-gps.app\/es\/wp-json\/wp\/v2\/pages\/1172\/revisions\/1181"}],"up":[{"embeddable":true,"href":"https:\/\/x-gps.app\/es\/wp-json\/wp\/v2\/pages\/766"}],"wp:attachment":[{"href":"https:\/\/x-gps.app\/es\/wp-json\/wp\/v2\/media?parent=1172"}],"curies":[{"name":"wp","href":"https:\/\/api.w.org\/{rel}","templated":true}]}}